{"id":7482,"date":"2020-05-01T21:33:27","date_gmt":"2020-05-01T19:33:27","guid":{"rendered":"https:\/\/mandalagmbh.de\/?page_id=7482"},"modified":"2020-05-08T15:16:09","modified_gmt":"2020-05-08T13:16:09","slug":"startseite","status":"publish","type":"page","link":"https:\/\/mandalagmbh.de\/en\/","title":{"rendered":"Home"},"content":{"rendered":"\t<section class=\"section\" id=\"section_680954569\">\n\t\t<div class=\"bg section-bg fill bg-fill  bg-loaded\" >\n\n\t\t\t\n\t\t\t\n\t\t\t\n\n\t\t<\/div>\n\n\t\t<div class=\"section-content relative\">\n\t\t\t\n\n  <div class=\"banner has-hover has-parallax\" id=\"banner-1452550972\">\n          <div class=\"banner-inner fill\">\n        <div class=\"banner-bg fill\" data-parallax=\"-3\" data-parallax-container=\".banner\" data-parallax-background>\n            <div class=\"bg fill bg-fill \"><\/div>\n                                    \n                    <\/div>\n        <div class=\"banner-layers container\">\n            <div class=\"fill banner-link\"><\/div>            \n   <div id=\"text-box-481998394\" class=\"text-box banner-layer x95 md-x95 lg-x95 y50 md-y50 lg-y50 res-text\">\n                     <div data-animate=\"fadeInUp\">           <div class=\"text-box-content text box-shadow-3\">\n              \n              <div class=\"text-inner text-center\">\n                  \n<h1 class=\"uppercase\" style=\"text-align: center;\"><span style=\"font-size: 70%;\"><strong>Mandala Handels Gmbh<\/strong><\/span><\/h1>\n<p style=\"font-size: 150%;\" align=\"center\"><strong>Das Tor f\u00fcr H\u00e4ndler nach Nepal und Tibet!<\/strong><\/p>\n<a href=\"https:\/\/mandalagmbh.de\/shop\/\" target=\"_self\" class=\"button secondary\"  >\n    <span>Our collection<\/span>\n  <\/a>\n\n<a href=\"https:\/\/mandalagmbh.de\/mein-konto\/\" target=\"_self\" class=\"button primary\"  >\n    <span>H\u00e4ndler Login<\/span>\n  <\/a>\n\n              <\/div>\n           <\/div>\n       <\/div>                     \n<style>\n#text-box-481998394 .text-box-content {\n  background-color: rgba(255, 255, 255, 0.77);\n  font-size: 76%;\n}\n#text-box-481998394 .text-inner {\n  padding: 15px 15px 15px 15px;\n}\n#text-box-481998394 {\n  width: 60%;\n}\n@media (min-width:550px) {\n  #text-box-481998394 {\n    width: 43%;\n  }\n}\n<\/style>\n    <\/div>\n \n        <\/div>\n      <\/div>\n\n            \n<style>\n#banner-1452550972 {\n  padding-top: 600px;\n}\n#banner-1452550972 .bg.bg-loaded {\n  background-image: url(https:\/\/mandalagmbh.de\/wp-content\/uploads\/2019\/05\/tor-nach-nepal.jpg);\n}\n#banner-1452550972 .bg {\n  background-position: 48% 56%;\n}\n<\/style>\n  <\/div>\n\n\n\t\t<\/div>\n\n\t\t\n<style>\n#section_680954569 {\n  padding-top: 0px;\n  padding-bottom: 0px;\n}\n<\/style>\n\t<\/section>\n\t\n\t<section class=\"section\" id=\"section_1108953306\">\n\t\t<div class=\"bg section-bg fill bg-fill  bg-loaded\" >\n\n\t\t\t\n\t\t\t\n\t\t\t\n\n\t\t<\/div>\n\n\t\t<div class=\"section-content relative\">\n\t\t\t\n<div class=\"row align-center\"  id=\"row-1013472017\">\n\n\t<div id=\"col-121539906\" class=\"col medium-10 small-12 large-10\"  >\n\t\t<div class=\"col-inner box-shadow-1\" style=\"background-color:rgb(250, 250, 250);\" >\n\t\t\t\n\t\t\t\n<h3 style=\"text-align: center;\">Die sieben S\u00e4ulen unseres Sortiments<\/h3>\n<hr \/>\n\n  \n    <div class=\"row large-columns-3 medium-columns- small-columns-2 row-large\">\n          <div class=\"product-category col\" >\n            <div class=\"col-inner\">\n              <span class=\"prdctfltr_cat_support\" style=\"display:none!important;\" data-slug=\"handicrafts\"><\/span>                <div class=\"box box-category has-hover box-bounce \">\n                <div class=\"box-image\" >\n                  <div class=\"image-cover\" style=\"padding-top:100%;\">\n                  <img src=\"https:\/\/mandalagmbh.de\/wp-content\/uploads\/2019\/11\/43_Category-400x383.jpg\" alt=\"Handicrafts\" width=\"300\" height=\"300\" \/>                                                      <\/div>\n                <\/div>\n                <div class=\"box-text text-center\" >\n                  <div class=\"box-text-inner\">\n                      <h5 class=\"uppercase header-title\">\n                              Handicrafts                      <\/h5>\n                                            <p class=\"is-xsmall uppercase count \">\n\t                      299 Products                      <\/p>\n                                            \n                  <\/div>\n                <\/div>\n                <\/div>\n                        <\/div>\n            <\/div>\n                <div class=\"product-category col\" >\n            <div class=\"col-inner\">\n              <span class=\"prdctfltr_cat_support\" style=\"display:none!important;\" data-slug=\"statues\"><\/span>                <div class=\"box box-category has-hover box-bounce \">\n                <div class=\"box-image\" >\n                  <div class=\"image-cover\" style=\"padding-top:100%;\">\n                  <img src=\"https:\/\/mandalagmbh.de\/wp-content\/uploads\/2019\/11\/41_Category-400x429.jpg\" alt=\"Statues\" width=\"300\" height=\"300\" \/>                                                      <\/div>\n                <\/div>\n                <div class=\"box-text text-center\" >\n                  <div class=\"box-text-inner\">\n                      <h5 class=\"uppercase header-title\">\n                              Statues                      <\/h5>\n                                            <p class=\"is-xsmall uppercase count \">\n\t                      209 Products                      <\/p>\n                                            \n                  <\/div>\n                <\/div>\n                <\/div>\n                        <\/div>\n            <\/div>\n        <\/div>\n\t\t<\/div>\n\t\t\n<style>\n#col-121539906 > .col-inner {\n  padding: 25px 25px 25px 25px;\n}\n<\/style>\n\t<\/div>\n\n\t\n\n\t<div id=\"col-339793741\" class=\"col medium-5 small-12 large-5\"  >\n\t\t<div class=\"col-inner\"  >\n\t\t\t\n\t\t\t\n<h3>Entdecken Sie unser vielseitiges Sortiment<\/h3>\n<p>Wir f\u00fchren ein breites Sortiment an Kunsthandwerk und anderen seltenen Kostbarkeiten wie Statuen, Klangschalen, R\u00e4ucherst\u00e4bchen und Schmuck. Wir liefern ausschlie\u00dflich an den Handel! Gerne \u00f6ffnen wir unsere Lagerr\u00e4ume nach Absprache f\u00fcr Sie.<\/p>\n\t\t<\/div>\n\t\t\t<\/div>\n\n\t\n\n\t<div id=\"col-97873587\" class=\"col medium-5 small-12 large-5\"  >\n\t\t<div class=\"col-inner\"  >\n\t\t\t\n\t\t\t\n<p style=\"margin-top: 40px;\">Unsere Preise k\u00f6nnen Sie einsehen, sobald Sie sich registriert und wir Sie freigeschaltet haben. Z\u00f6gern Sie nicht, wenn Sie etwas vermissen oder\u00a0Fragen haben, bei uns anzurufen: <span class=\"StrongEmphasis\">+49 (0) 6198 5886542. Wir w\u00fcnschen Ihnen einen angenehmen Aufenthalt und freuen uns, demn\u00e4chst von Ihnen zu h\u00f6ren.<\/span><\/p>\n\t\t<\/div>\n\t\t\t<\/div>\n\n\t\n<\/div>\n\t\t<\/div>\n\n\t\t\n<style>\n#section_1108953306 {\n  padding-top: 30px;\n  padding-bottom: 30px;\n}\n<\/style>\n\t<\/section>\n\t\n","protected":false},"excerpt":{"rendered":"","protected":false},"author":1,"featured_media":0,"parent":0,"menu_order":0,"comment_status":"closed","ping_status":"closed","template":"page-blank.php","meta":[],"yst_prominent_words":[],"yoast_head":"<!-- This site is optimized with the Yoast SEO Premium plugin v14.0.3 - https:\/\/yoast.com\/wordpress\/plugins\/seo\/ -->\n<title>Home - Mandala Handels GmbH<\/title>\n<meta name=\"robots\" content=\"index, follow\" \/>\n<meta name=\"googlebot\" content=\"index, follow, max-snippet:-1, max-image-preview:large, max-video-preview:-1\" \/>\n<meta name=\"bingbot\" content=\"index, follow, max-snippet:-1, max-image-preview:large, max-video-preview:-1\" \/>\n<link rel=\"canonical\" href=\"https:\/\/mandalagmbh.de\/en\/startseite\/\" \/>\n<meta property=\"og:locale\" content=\"en_US\" \/>\n<meta property=\"og:type\" content=\"article\" \/>\n<meta property=\"og:title\" content=\"Home - Mandala Handels GmbH\" \/>\n<meta property=\"og:url\" content=\"https:\/\/mandalagmbh.de\/en\/startseite\/\" \/>\n<meta property=\"og:site_name\" content=\"Mandala Handels GmbH\" \/>\n<meta property=\"article:modified_time\" content=\"2020-05-08T13:16:09+00:00\" \/>\n<meta name=\"twitter:card\" content=\"summary_large_image\" \/>\n<script type=\"application\/ld+json\" class=\"yoast-schema-graph\">{\"@context\":\"https:\/\/schema.org\",\"@graph\":[{\"@type\":\"WebSite\",\"@id\":\"https:\/\/mandalagmbh.de\/en\/#website\",\"url\":\"https:\/\/mandalagmbh.de\/en\/\",\"name\":\"Mandala Handels GmbH\",\"description\":\"Spirituelle Ware f\\u00fcr den Alltag\",\"potentialAction\":[{\"@type\":\"SearchAction\",\"target\":\"https:\/\/mandalagmbh.de\/en\/?s={search_term_string}\",\"query-input\":\"required name=search_term_string\"}],\"inLanguage\":\"en-US\"},{\"@type\":\"WebPage\",\"@id\":\"https:\/\/mandalagmbh.de\/en\/startseite\/#webpage\",\"url\":\"https:\/\/mandalagmbh.de\/en\/startseite\/\",\"name\":\"Home - Mandala Handels GmbH\",\"isPartOf\":{\"@id\":\"https:\/\/mandalagmbh.de\/en\/#website\"},\"datePublished\":\"2020-05-01T19:33:27+00:00\",\"dateModified\":\"2020-05-08T13:16:09+00:00\",\"inLanguage\":\"en-US\",\"potentialAction\":[{\"@type\":\"ReadAction\",\"target\":[\"https:\/\/mandalagmbh.de\/en\/startseite\/\"]}]}]}<\/script>\n<!-- \/ Yoast SEO Premium plugin. -->","_links":{"self":[{"href":"https:\/\/mandalagmbh.de\/en\/wp-json\/wp\/v2\/pages\/7482"}],"collection":[{"href":"https:\/\/mandalagmbh.de\/en\/wp-json\/wp\/v2\/pages"}],"about":[{"href":"https:\/\/mandalagmbh.de\/en\/wp-json\/wp\/v2\/types\/page"}],"author":[{"embeddable":true,"href":"https:\/\/mandalagmbh.de\/en\/wp-json\/wp\/v2\/users\/1"}],"replies":[{"embeddable":true,"href":"https:\/\/mandalagmbh.de\/en\/wp-json\/wp\/v2\/comments?post=7482"}],"version-history":[{"count":7,"href":"https:\/\/mandalagmbh.de\/en\/wp-json\/wp\/v2\/pages\/7482\/revisions"}],"predecessor-version":[{"id":7569,"href":"https:\/\/mandalagmbh.de\/en\/wp-json\/wp\/v2\/pages\/7482\/revisions\/7569"}],"wp:attachment":[{"href":"https:\/\/mandalagmbh.de\/en\/wp-json\/wp\/v2\/media?parent=7482"}],"wp:term":[{"taxonomy":"yst_prominent_words","embeddable":true,"href":"https:\/\/mandalagmbh.de\/en\/wp-json\/wp\/v2\/yst_prominent_words?post=7482"}],"curies":[{"name":"wp","href":"https:\/\/api.w.org\/{rel}","templated":true}]}}