{"id":7486,"date":"2020-05-01T21:38:31","date_gmt":"2020-05-01T19:38:31","guid":{"rendered":"https:\/\/mandalagmbh.de\/?page_id=7486"},"modified":"2020-05-01T21:38:32","modified_gmt":"2020-05-01T19:38:32","slug":"trade-fair-dates","status":"publish","type":"page","link":"https:\/\/mandalagmbh.de\/en\/trade-fair-dates\/","title":{"rendered":"Trade fair dates"},"content":{"rendered":"  <div id=\"page-header-1197213856\" class=\"page-header-wrapper\">\n  <div class=\"page-title dark featured-title\">\n\n    \n    <div class=\"page-title-inner container align-center flex-row medium-flex-wrap\" >\n              <div class=\"title-wrapper flex-col text-left medium-text-center\">\n          <h1 class=\"entry-title mb-0\">\n            Trade fair dates          <\/h1>\n        <\/div>\n                    <div class=\"title-content flex-col flex-right text-right medium-text-center\">\n        <div class=\"title-breadcrumbs pb-half pt-half\"><nav class=\"woocommerce-breadcrumb breadcrumbs uppercase\">Home<\/nav><\/div>      <\/div>\n    <\/div>\n\n       <\/div>\n    <\/div>\n  \n\t<section class=\"section\" id=\"section_547179750\">\n\t\t<div class=\"bg section-bg fill bg-fill  bg-loaded\" >\n\n\t\t\t\n\t\t\t\n\t\t\t\n\n\t\t<\/div>\n\n\t\t<div class=\"section-content relative\">\n\t\t\t\n<div class=\"container section-title-container\" ><h3 class=\"section-title section-title-center\"><b><\/b><span class=\"section-title-main\" >Messetermine 2020<\/span><b><\/b><\/h3><\/div>\n<div class=\"row align-middle\"  id=\"row-1230310714\">\n\n\t<div id=\"col-1595337128\" class=\"col medium-4 small-12 large-4\"  >\n\t\t<div class=\"col-inner text-center\" style=\"background-color:rgb(238, 238, 238);\" >\n\t\t\t\n\t\t\t\n\t<div class=\"img has-hover x md-x lg-x y md-y lg-y\" id=\"image_880611404\">\n\t\t<a class=\"\" href=\"https:\/\/trendset.de\/besucher\" target=\"_blank\" rel=\"noopener noreferrer\" >\t\t\t\t\t\t<div class=\"img-inner dark\" >\n\t\t\t<img width=\"280\" height=\"62\" src=\"https:\/\/mandalagmbh.de\/wp-content\/uploads\/2019\/11\/ts_datumsvorlage_2001_280x62px_2019-07-09_v02_cn_2.png\" class=\"attachment-large size-large wvs-attachment-image\" alt=\"\" \/>\t\t\t\t\t\t\n\t\t\t\t\t<\/div>\n\t\t\t\t\t\t<\/a>\t\t\n<style>\n#image_880611404 {\n  width: 69%;\n}\n<\/style>\n\t<\/div>\n\t\n<div class=\"fusion-layout-column fusion_builder_column fusion_builder_column_1_1 fusion-builder-column-1 fusion-one-full fusion-column-first fusion-column-last 1_1\">\n<div class=\"fusion-column-wrapper\" data-bg-url=\"\">\n<div class=\"fusion-clearfix\">\n<h4>Trendset 2020<\/h4>\n<p>M\u00fcnchen &#8211; 05.01.- 07.01.2020<\/p>\n<\/div>\n<\/div>\n<\/div>\n<div class=\"fusion-layout-column fusion_builder_column fusion_builder_column_1_2 fusion-builder-column-2 fusion-one-half fusion-column-first 1_2\">\n<div class=\"fusion-column-wrapper\" data-bg-url=\"\">\n<div class=\"fusion-text\">\n<p>Besuchen Sie uns bei der Trendset 2020. Die TrendSet ist die internationale Fachmesse f\u00fcr Interiors, Inspiration und Lifestyle in M\u00fcnchen.<\/p>\n<p>Halle: B1 \/ Gang F \/ Stand 34<\/p>\n<\/div>\n<\/div>\n<\/div>\n\t\t<\/div>\n\t\t\n<style>\n#col-1595337128 > .col-inner {\n  padding: 15px 15px 5px 15px;\n}\n<\/style>\n\t<\/div>\n\n\t\n\n\t<div id=\"col-1003435257\" class=\"col medium-4 small-12 large-4\"  >\n\t\t<div class=\"col-inner text-center\" style=\"background-color:rgb(238, 238, 238);\" >\n\t\t\t\n\t\t\t\n\t<div class=\"img has-hover x md-x lg-x y md-y lg-y\" id=\"image_134508946\">\n\t\t<a class=\"\" href=\"https:\/\/nordstil.messefrankfurt.com\/hamburg\/de\/themen-events.html\" target=\"_blank\" rel=\"noopener noreferrer\" >\t\t\t\t\t\t<div class=\"img-inner dark\" >\n\t\t\t<img width=\"768\" height=\"60\" src=\"https:\/\/mandalagmbh.de\/wp-content\/uploads\/2019\/11\/Banner-768-x-60-px.jpg\" class=\"attachment-large size-large wvs-attachment-image\" alt=\"\" srcset=\"https:\/\/mandalagmbh.de\/wp-content\/uploads\/2019\/11\/Banner-768-x-60-px.jpg 768w, https:\/\/mandalagmbh.de\/wp-content\/uploads\/2019\/11\/Banner-768-x-60-px-300x23.jpg 300w, https:\/\/mandalagmbh.de\/wp-content\/uploads\/2019\/11\/Banner-768-x-60-px-400x31.jpg 400w\" sizes=\"(max-width: 768px) 100vw, 768px\" \/>\t\t\t\t\t\t\n\t\t\t\t\t<\/div>\n\t\t\t\t\t\t<\/a>\t\t\n<style>\n#image_134508946 {\n  width: 100%;\n}\n<\/style>\n\t<\/div>\n\t\n<h4 style=\"text-align: center;\">Nordstil 2020<\/h4>\n<p style=\"text-align: center;\">Hamburg &#8211; 11.01.- 13.01.2020<\/p>\n<p class=\"fusion-clearfix\">Die Nordstil in Hamburg ist die gr\u00f6\u00dfte Konsumg\u00fctermesse im Norden &#8211; hier ordert der norddeutsche Einzelhandel innovative Produkte f\u00fcr sein Sortiment. Wir w\u00fcrden uns freuen Sie an unserem Messestand begr\u00fc\u00dfen zu d\u00fcrfen.<\/p>\n<p>Halle: A3.0 \/ Gang A \/ Stand 28<\/p>\n\t\t<\/div>\n\t\t\n<style>\n#col-1003435257 > .col-inner {\n  padding: 15px 15px 5px 15px;\n}\n<\/style>\n\t<\/div>\n\n\t\n\n\t<div id=\"col-1250865304\" class=\"col medium-4 small-12 large-4\"  >\n\t\t<div class=\"col-inner text-center\" style=\"background-color:rgb(238, 238, 238);\" >\n\t\t\t\n\t\t\t\n\t<div class=\"img has-hover x md-x lg-x y md-y lg-y\" id=\"image_776865198\">\n\t\t<a class=\"\" href=\"https:\/\/www.sainte-marie-mineral.com\" target=\"_blank\" rel=\"noopener noreferrer\" >\t\t\t\t\t\t<div class=\"img-inner dark\" >\n\t\t\t<img width=\"627\" height=\"126\" src=\"https:\/\/mandalagmbh.de\/wp-content\/uploads\/2019\/05\/image001.jpg\" class=\"attachment-large size-large wvs-attachment-image\" alt=\"\" srcset=\"https:\/\/mandalagmbh.de\/wp-content\/uploads\/2019\/05\/image001.jpg 627w, https:\/\/mandalagmbh.de\/wp-content\/uploads\/2019\/05\/image001-400x80.jpg 400w, https:\/\/mandalagmbh.de\/wp-content\/uploads\/2019\/05\/image001-300x60.jpg 300w\" sizes=\"(max-width: 627px) 100vw, 627px\" \/>\t\t\t\t\t\t\n\t\t\t\t\t<\/div>\n\t\t\t\t\t\t<\/a>\t\t\n<style>\n#image_776865198 {\n  width: 100%;\n}\n<\/style>\n\t<\/div>\n\t\n<h4>Mineral &amp; Gem 2020<\/h4>\n<p>Saint-Marie-aux-Mines &#8211; 25.06.- 28.06.2020<\/p>\n<p>\u00dcber 1000 Aussteller bieten eine hervorragende Auswahl an Mineralien, Fossilien, Meteoriten, Edelsteinen und Schmuck.<\/p>\n<p>Zone Gem \/ Stand RJ7<\/p>\n\t\t<\/div>\n\t\t\n<style>\n#col-1250865304 > .col-inner {\n  padding: 15px 15px 5px 15px;\n}\n<\/style>\n\t<\/div>\n\n\t\n<\/div>\n\t<div id=\"gap-263374868\" class=\"gap-element clearfix\" style=\"display:block; height:auto;\">\n\t\t\n<style>\n#gap-263374868 {\n  padding-top: 50px;\n}\n<\/style>\n\t<\/div>\n\t\n<div class=\"container section-title-container\" ><h3 class=\"section-title section-title-center\"><b><\/b><span class=\"section-title-main\" >bereits get\u00e4tigte Messen<\/span><b><\/b><\/h3><\/div>\n<div class=\"row align-middle\"  id=\"row-567492815\">\n\n\t<div id=\"col-1508532827\" class=\"col medium-4 small-12 large-4\"  >\n\t\t<div class=\"col-inner text-center\" style=\"background-color:rgb(238, 238, 238);\" >\n\t\t\t\n\t\t\t\n\t<div class=\"img has-hover x md-x lg-x y md-y lg-y\" id=\"image_1558213717\">\n\t\t<a class=\"\" href=\"http:\/\/www.riconvention.org\/de\" target=\"_blank\" rel=\"noopener noreferrer\" >\t\t\t\t\t\t<div class=\"img-inner dark\" >\n\t\t\t<img width=\"530\" height=\"110\" src=\"https:\/\/mandalagmbh.de\/wp-content\/uploads\/2019\/05\/Signaturbanner.jpg\" class=\"attachment-large size-large wvs-attachment-image\" alt=\"\" srcset=\"https:\/\/mandalagmbh.de\/wp-content\/uploads\/2019\/05\/Signaturbanner.jpg 530w, https:\/\/mandalagmbh.de\/wp-content\/uploads\/2019\/05\/Signaturbanner-400x83.jpg 400w, https:\/\/mandalagmbh.de\/wp-content\/uploads\/2019\/05\/Signaturbanner-300x62.jpg 300w\" sizes=\"(max-width: 530px) 100vw, 530px\" \/>\t\t\t\t\t\t\n\t\t\t\t\t<\/div>\n\t\t\t\t\t\t<\/a>\t\t\n<style>\n#image_1558213717 {\n  width: 100%;\n}\n<\/style>\n\t<\/div>\n\t\n<h4 style=\"text-align: center;\">Rotary World Convention 2019<\/h4>\n<p style=\"text-align: center;\">Hamburg &#8211; House of Friendship &#8211; 01.06.- 05.06.2019<\/p>\n<p style=\"text-align: left;\">Die Rotary International Convention ist jedes Jahr das gr\u00f6\u00dfte Ereignis in der Welt von Rotary! Sie findet dieses Jahr in Hamburg statt.<\/p>\n<p style=\"text-align: center;\">Halle: 1\u00a0\/ Stand: 105<\/p>\n\t\t<\/div>\n\t\t\n<style>\n#col-1508532827 > .col-inner {\n  padding: 15px 15px 5px 15px;\n}\n<\/style>\n\t<\/div>\n\n\t\n\n\t<div id=\"col-52223120\" class=\"col medium-4 small-12 large-4\"  >\n\t\t<div class=\"col-inner text-center\" style=\"background-color:rgb(238, 238, 238);\" >\n\t\t\t\n\t\t\t\n\t<div class=\"img has-hover x md-x lg-x y md-y lg-y\" id=\"image_1433665942\">\n\t\t<a class=\"\" href=\"https:\/\/www.sainte-marie-mineral.com\" target=\"_blank\" rel=\"noopener noreferrer\" >\t\t\t\t\t\t<div class=\"img-inner dark\" >\n\t\t\t<img width=\"627\" height=\"126\" src=\"https:\/\/mandalagmbh.de\/wp-content\/uploads\/2019\/05\/image001.jpg\" class=\"attachment-large size-large wvs-attachment-image\" alt=\"\" srcset=\"https:\/\/mandalagmbh.de\/wp-content\/uploads\/2019\/05\/image001.jpg 627w, https:\/\/mandalagmbh.de\/wp-content\/uploads\/2019\/05\/image001-400x80.jpg 400w, https:\/\/mandalagmbh.de\/wp-content\/uploads\/2019\/05\/image001-300x60.jpg 300w\" sizes=\"(max-width: 627px) 100vw, 627px\" \/>\t\t\t\t\t\t\n\t\t\t\t\t<\/div>\n\t\t\t\t\t\t<\/a>\t\t\n<style>\n#image_1433665942 {\n  width: 100%;\n}\n<\/style>\n\t<\/div>\n\t\n<h4>Mineral &amp; Gem 2019<\/h4>\n<p>Saint-Marie-aux-Mines &#8211; 27.06.- 30.06.2019<\/p>\n<p>\u00dcber 1000 Aussteller bieten eine hervorragende Auswahl an Mineralien, Fossilien, Meteoriten, Edelsteinen und Schmuck.<\/p>\n<p>Zone Gem \/ Stand RJ7<\/p>\n\t\t<\/div>\n\t\t\n<style>\n#col-52223120 > .col-inner {\n  padding: 15px 15px 5px 15px;\n}\n<\/style>\n\t<\/div>\n\n\t\n\n\t<div id=\"col-1403378543\" class=\"col medium-4 small-12 large-4\"  >\n\t\t<div class=\"col-inner text-center\" style=\"background-color:rgb(238, 238, 238);\" >\n\t\t\t\n\t\t\t\n\t<div class=\"img has-hover x md-x lg-x y md-y lg-y\" id=\"image_1342786108\">\n\t\t<a class=\"\" href=\"https:\/\/trendset.de\/besucher\" target=\"_blank\" rel=\"noopener noreferrer\" >\t\t\t\t\t\t<div class=\"img-inner dark\" >\n\t\t\t<img width=\"1020\" height=\"185\" src=\"https:\/\/mandalagmbh.de\/wp-content\/uploads\/2019\/05\/ts_download-banner_468x85_de-1024x186.jpg\" class=\"attachment-large size-large wvs-attachment-image\" alt=\"\" srcset=\"https:\/\/mandalagmbh.de\/wp-content\/uploads\/2019\/05\/ts_download-banner_468x85_de-1024x186.jpg 1024w, https:\/\/mandalagmbh.de\/wp-content\/uploads\/2019\/05\/ts_download-banner_468x85_de-400x73.jpg 400w, https:\/\/mandalagmbh.de\/wp-content\/uploads\/2019\/05\/ts_download-banner_468x85_de-300x54.jpg 300w, https:\/\/mandalagmbh.de\/wp-content\/uploads\/2019\/05\/ts_download-banner_468x85_de-768x139.jpg 768w, https:\/\/mandalagmbh.de\/wp-content\/uploads\/2019\/05\/ts_download-banner_468x85_de-1200x218.jpg 1200w, https:\/\/mandalagmbh.de\/wp-content\/uploads\/2019\/05\/ts_download-banner_468x85_de.jpg 1300w\" sizes=\"(max-width: 1020px) 100vw, 1020px\" \/>\t\t\t\t\t\t\n\t\t\t\t\t<\/div>\n\t\t\t\t\t\t<\/a>\t\t\n<style>\n#image_1342786108 {\n  width: 100%;\n}\n<\/style>\n\t<\/div>\n\t\n<div class=\"fusion-layout-column fusion_builder_column fusion_builder_column_1_1 fusion-builder-column-1 fusion-one-full fusion-column-first fusion-column-last 1_1\">\n<div class=\"fusion-column-wrapper\" data-bg-url=\"\">\n<div class=\"fusion-clearfix\">\n<h4>Trendset 2019<\/h4>\n<p>M\u00fcnchen &#8211; 06.07.- 08.07.2019<\/p>\n<\/div>\n<\/div>\n<\/div>\n<div class=\"fusion-layout-column fusion_builder_column fusion_builder_column_1_2 fusion-builder-column-2 fusion-one-half fusion-column-first 1_2\">\n<div class=\"fusion-column-wrapper\" data-bg-url=\"\">\n<div class=\"fusion-text\">\n<p>Besuchen Sie uns bei der Trendset 2019. Die TrendSet ist die internationale Fachmesse f\u00fcr Interiors, Inspiration und Lifestyle in M\u00fcnchen.<\/p>\n<p>Halle: B1 \/ Gang F \/ Stand 36<\/p>\n<\/div>\n<\/div>\n<\/div>\n\t\t<\/div>\n\t\t\n<style>\n#col-1403378543 > .col-inner {\n  padding: 15px 15px 5px 15px;\n}\n<\/style>\n\t<\/div>\n\n\t\n<\/div>\n\t<div id=\"gap-470208661\" class=\"gap-element clearfix\" style=\"display:block; height:auto;\">\n\t\t\n<style>\n#gap-470208661 {\n  padding-top: 50px;\n}\n<\/style>\n\t<\/div>\n\t\n<div class=\"row align-middle\"  id=\"row-463102503\">\n\n\t<div id=\"col-141603281\" class=\"col medium-4 small-12 large-4\"  >\n\t\t<div class=\"col-inner text-center\" style=\"background-color:rgb(238, 238, 238);\" >\n\t\t\t\n\t\t\t\n\t<div class=\"img has-hover x md-x lg-x y md-y lg-y\" id=\"image_1678584480\">\n\t\t<a class=\"\" href=\"https:\/\/nordstil.messefrankfurt.com\/hamburg\/de\/themen-events.html\" target=\"_blank\" rel=\"noopener noreferrer\" >\t\t\t\t\t\t<div class=\"img-inner dark\" >\n\t\t\t<img width=\"600\" height=\"60\" src=\"https:\/\/mandalagmbh.de\/wp-content\/uploads\/2019\/05\/0-69352_Nordstil_Sommer_eMail-Abbinder.jpg\" class=\"attachment-large size-large wvs-attachment-image\" alt=\"\" srcset=\"https:\/\/mandalagmbh.de\/wp-content\/uploads\/2019\/05\/0-69352_Nordstil_Sommer_eMail-Abbinder.jpg 600w, https:\/\/mandalagmbh.de\/wp-content\/uploads\/2019\/05\/0-69352_Nordstil_Sommer_eMail-Abbinder-400x40.jpg 400w, https:\/\/mandalagmbh.de\/wp-content\/uploads\/2019\/05\/0-69352_Nordstil_Sommer_eMail-Abbinder-300x30.jpg 300w\" sizes=\"(max-width: 600px) 100vw, 600px\" \/>\t\t\t\t\t\t\n\t\t\t\t\t<\/div>\n\t\t\t\t\t\t<\/a>\t\t\n<style>\n#image_1678584480 {\n  width: 100%;\n}\n<\/style>\n\t<\/div>\n\t\n<h4 style=\"text-align: center;\">Nordstil 2019<\/h4>\n<p style=\"text-align: center;\">Hamburg &#8211; 27.07.- 29.07.2019<\/p>\n<p class=\"fusion-clearfix\">Die Nordstil in Hamburg ist die gr\u00f6\u00dfte Konsumg\u00fctermesse im Norden &#8211; hier ordert der norddeutsche Einzelhandel innovative Produkte f\u00fcr sein Sortiment. Wir w\u00fcrden uns freuen Sie an unserem Messestand begr\u00fc\u00dfen zu d\u00fcrfen.<\/p>\n<p>Halle: A3.0 \/ Gang A \/ Stand 28<\/p>\n\t\t<\/div>\n\t\t\n<style>\n#col-141603281 > .col-inner {\n  padding: 15px 15px 5px 15px;\n}\n<\/style>\n\t<\/div>\n\n\t\n\n\t<div id=\"col-2018453146\" class=\"col medium-4 small-12 large-4\"  >\n\t\t<div class=\"col-inner text-center\" style=\"background-color:rgb(238, 238, 238);\" >\n\t\t\t\n\t\t\t\n\t<div class=\"img has-hover x md-x lg-x y md-y lg-y\" id=\"image_595722013\">\n\t\t<a class=\"\" href=\"https:\/\/thenewboxisopen.de\/\" target=\"_blank\" rel=\"noopener noreferrer\" >\t\t\t\t\t\t<div class=\"img-inner dark\" >\n\t\t\t<img width=\"1020\" height=\"425\" src=\"https:\/\/mandalagmbh.de\/wp-content\/uploads\/2019\/05\/THE-NEW-BOX-Logo-1024x427.png\" class=\"attachment-large size-large wvs-attachment-image\" alt=\"\" srcset=\"https:\/\/mandalagmbh.de\/wp-content\/uploads\/2019\/05\/THE-NEW-BOX-Logo-1024x427.png 1024w, https:\/\/mandalagmbh.de\/wp-content\/uploads\/2019\/05\/THE-NEW-BOX-Logo-400x167.png 400w, https:\/\/mandalagmbh.de\/wp-content\/uploads\/2019\/05\/THE-NEW-BOX-Logo-300x125.png 300w, https:\/\/mandalagmbh.de\/wp-content\/uploads\/2019\/05\/THE-NEW-BOX-Logo-768x320.png 768w, https:\/\/mandalagmbh.de\/wp-content\/uploads\/2019\/05\/THE-NEW-BOX-Logo.png 1200w\" sizes=\"(max-width: 1020px) 100vw, 1020px\" \/>\t\t\t\t\t\t\n\t\t\t\t\t<\/div>\n\t\t\t\t\t\t<\/a>\t\t\n<style>\n#image_595722013 {\n  width: 67%;\n}\n<\/style>\n\t<\/div>\n\t\n<h4 style=\"text-align: center;\">THEBOX<\/h4>\n<p style=\"text-align: center;\">R\u00fcsselsheim &#8211; 24.08.- 26.08.2019<\/p>\n<p class=\"fusion-clearfix\">Wir sind dabei wenn es heisst: THE BOX IS OPEN AGAIN im K48 in R\u00fcsselsheim vom 24.08 &#8211; 26.08.2019.<\/p>\n<p style=\"text-align: center;\">\u00a0Stand: 52<\/p>\n\t\t<\/div>\n\t\t\n<style>\n#col-2018453146 > .col-inner {\n  padding: 15px 15px 5px 15px;\n}\n<\/style>\n\t<\/div>\n\n\t\n\n\t<div id=\"col-405415682\" class=\"col medium-4 small-12 large-4\"  >\n\t\t<div class=\"col-inner text-center\" style=\"background-color:rgb(238, 238, 238);\" >\n\t\t\t\n\t\t\t\n\t<div class=\"img has-hover x md-x lg-x y md-y lg-y\" id=\"image_1388227976\">\n\t\t<a class=\"\" href=\"https:\/\/www.bazaar-berlin.de\/FuerBesucher\/\" target=\"_blank\" rel=\"noopener noreferrer\" >\t\t\t\t\t\t<div class=\"img-inner dark\" >\n\t\t\t<img width=\"719\" height=\"206\" src=\"https:\/\/mandalagmbh.de\/wp-content\/uploads\/2019\/05\/dlvr.jpg\" class=\"attachment-large size-large wvs-attachment-image\" alt=\"\" srcset=\"https:\/\/mandalagmbh.de\/wp-content\/uploads\/2019\/05\/dlvr.jpg 719w, https:\/\/mandalagmbh.de\/wp-content\/uploads\/2019\/05\/dlvr-400x115.jpg 400w, https:\/\/mandalagmbh.de\/wp-content\/uploads\/2019\/05\/dlvr-300x86.jpg 300w\" sizes=\"(max-width: 719px) 100vw, 719px\" \/>\t\t\t\t\t\t\n\t\t\t\t\t<\/div>\n\t\t\t\t\t\t<\/a>\t\t\n<style>\n#image_1388227976 {\n  width: 86%;\n}\n<\/style>\n\t<\/div>\n\t\n<h4 style=\"text-align: center;\">Bazaar Berlin<\/h4>\n<p style=\"text-align: center;\">Berlin &#8211; 06.11.- 10.11.2019<\/p>\n<p class=\"fusion-clearfix\">Mehr als 500 Hersteller und H\u00e4ndler aus \u00fcber 60 L\u00e4ndern zeigen jedes Jahr im November ihre exotischen Waren und landestypischen Produkte auf dem Bazaar Berlin. Das Messegel\u00e4nde verwandelt sich in einen quirligen und sinnlichen Ort, wo selbst das Einkaufen zum Geschenk wird. Rechtzeitig vor der Adventszeit finden Sie originelle Geschenke f\u00fcr alle Bereiche des Lebens<\/p>\n<p style=\"text-align: center;\">Halle: 18 \/ Stand: 303<\/p>\n\t\t<\/div>\n\t\t\n<style>\n#col-405415682 > .col-inner {\n  padding: 15px 15px 5px 15px;\n}\n<\/style>\n\t<\/div>\n\n\t\n<\/div>\n<div class=\"row\"  id=\"row-4452781\">\n\n\t<div id=\"col-1996693265\" class=\"col medium-6 small-12 large-6\"  >\n\t\t<div class=\"col-inner text-center\"  >\n\t\t\t\n\t\t\t\n\t\t<\/div>\n\t\t\t<\/div>\n\n\t\n\n\t<div id=\"col-411681636\" class=\"col medium-6 small-12 large-6\"  >\n\t\t<div class=\"col-inner\"  >\n\t\t\t\n\t\t\t\n\t\t<\/div>\n\t\t\t<\/div>\n\n\t\n<\/div>\n\t<div id=\"gap-1935991638\" class=\"gap-element clearfix\" style=\"display:block; height:auto;\">\n\t\t\n<style>\n#gap-1935991638 {\n  padding-top: 50px;\n}\n<\/style>\n\t<\/div>\n\t\n\t\t<\/div>\n\n\t\t\n<style>\n#section_547179750 {\n  padding-top: 30px;\n  padding-bottom: 30px;\n}\n<\/style>\n\t<\/section>\n\t\n","protected":false},"excerpt":{"rendered":"","protected":false},"author":1,"featured_media":0,"parent":0,"menu_order":0,"comment_status":"closed","ping_status":"closed","template":"page-blank.php","meta":[],"yst_prominent_words":[],"yoast_head":"<!-- This site is optimized with the Yoast SEO Premium plugin v14.0.3 - https:\/\/yoast.com\/wordpress\/plugins\/seo\/ -->\n<title>Trade fair dates - Mandala Handels GmbH<\/title>\n<meta name=\"robots\" content=\"index, follow\" \/>\n<meta name=\"googlebot\" content=\"index, follow, max-snippet:-1, max-image-preview:large, max-video-preview:-1\" \/>\n<meta name=\"bingbot\" content=\"index, follow, max-snippet:-1, max-image-preview:large, max-video-preview:-1\" \/>\n<link rel=\"canonical\" href=\"https:\/\/mandalagmbh.de\/en\/trade-fair-dates\/\" \/>\n<meta property=\"og:locale\" content=\"en_US\" \/>\n<meta property=\"og:type\" content=\"article\" \/>\n<meta property=\"og:title\" content=\"Trade fair dates - Mandala Handels GmbH\" \/>\n<meta property=\"og:url\" content=\"https:\/\/mandalagmbh.de\/en\/trade-fair-dates\/\" \/>\n<meta property=\"og:site_name\" content=\"Mandala Handels GmbH\" \/>\n<meta property=\"article:modified_time\" content=\"2020-05-01T19:38:32+00:00\" \/>\n<meta name=\"twitter:card\" content=\"summary_large_image\" \/>\n<script type=\"application\/ld+json\" class=\"yoast-schema-graph\">{\"@context\":\"https:\/\/schema.org\",\"@graph\":[{\"@type\":\"WebSite\",\"@id\":\"https:\/\/mandalagmbh.de\/en\/#website\",\"url\":\"https:\/\/mandalagmbh.de\/en\/\",\"name\":\"Mandala Handels GmbH\",\"description\":\"Spirituelle Ware f\\u00fcr den Alltag\",\"potentialAction\":[{\"@type\":\"SearchAction\",\"target\":\"https:\/\/mandalagmbh.de\/en\/?s={search_term_string}\",\"query-input\":\"required name=search_term_string\"}],\"inLanguage\":\"en-US\"},{\"@type\":\"WebPage\",\"@id\":\"https:\/\/mandalagmbh.de\/en\/trade-fair-dates\/#webpage\",\"url\":\"https:\/\/mandalagmbh.de\/en\/trade-fair-dates\/\",\"name\":\"Trade fair dates - Mandala Handels GmbH\",\"isPartOf\":{\"@id\":\"https:\/\/mandalagmbh.de\/en\/#website\"},\"datePublished\":\"2020-05-01T19:38:31+00:00\",\"dateModified\":\"2020-05-01T19:38:32+00:00\",\"inLanguage\":\"en-US\",\"potentialAction\":[{\"@type\":\"ReadAction\",\"target\":[\"https:\/\/mandalagmbh.de\/en\/trade-fair-dates\/\"]}]}]}<\/script>\n<!-- \/ Yoast SEO Premium plugin. -->","_links":{"self":[{"href":"https:\/\/mandalagmbh.de\/en\/wp-json\/wp\/v2\/pages\/7486"}],"collection":[{"href":"https:\/\/mandalagmbh.de\/en\/wp-json\/wp\/v2\/pages"}],"about":[{"href":"https:\/\/mandalagmbh.de\/en\/wp-json\/wp\/v2\/types\/page"}],"author":[{"embeddable":true,"href":"https:\/\/mandalagmbh.de\/en\/wp-json\/wp\/v2\/users\/1"}],"replies":[{"embeddable":true,"href":"https:\/\/mandalagmbh.de\/en\/wp-json\/wp\/v2\/comments?post=7486"}],"version-history":[{"count":2,"href":"https:\/\/mandalagmbh.de\/en\/wp-json\/wp\/v2\/pages\/7486\/revisions"}],"predecessor-version":[{"id":7488,"href":"https:\/\/mandalagmbh.de\/en\/wp-json\/wp\/v2\/pages\/7486\/revisions\/7488"}],"wp:attachment":[{"href":"https:\/\/mandalagmbh.de\/en\/wp-json\/wp\/v2\/media?parent=7486"}],"wp:term":[{"taxonomy":"yst_prominent_words","embeddable":true,"href":"https:\/\/mandalagmbh.de\/en\/wp-json\/wp\/v2\/yst_prominent_words?post=7486"}],"curies":[{"name":"wp","href":"https:\/\/api.w.org\/{rel}","templated":true}]}}