{"id":11559,"date":"2017-05-26T16:13:31","date_gmt":"2017-05-26T14:13:31","guid":{"rendered":"https:\/\/mandalagmbh.de\/unkategorisiert\/durga-messing-45cm\/"},"modified":"2025-06-01T11:50:25","modified_gmt":"2025-06-01T09:50:25","slug":"durga-messing-45cm","status":"publish","type":"product","link":"https:\/\/mandalagmbh.de\/en\/statues-brass\/durga-messing-45cm\/","title":{"rendered":"Durga Statue Messing 4,5cm"},"content":{"rendered":"<div id=\"tab-description\" class=\"woocommerce-Tabs-panel woocommerce-Tabs-panel--description panel entry-content active\" role=\"tabpanel\" aria-labelledby=\"tab-title-description\">\n<h3><strong>Durga Statue aus Messing<\/strong><\/h3>\n<p>Durga ist eine der Hauptg\u00f6ttinnen im Hinduismus. Sie wird meist mit acht Armen und auf einem Tiger reitend dargestellt. Sie repr\u00e4sentiert die vollkommene M\u00fctterlichkeit und gilt als Bek\u00e4mpferin von (unseren inneren) D\u00e4monen. Ihr Name bedeutet \u201edie Unzug\u00e4ngliche\u201c oder \u201edie Unbesiegbare\u201c.<\/p>\n<p>Diese sch\u00f6ne Statue ist aus Messing gefertigt. Mit einer H\u00f6he von 4,5 cm eignet sie sich ideal als zentraler Blickfang auf deinem Altar. Du kannst mit dieser Statue auch sehr gut dein Arbeits- oder Meditationszimmer schm\u00fccken und von der spirituellen Energie, die dieser h\u00fcbschen Statue innewohnen soll, profitieren.<\/p>\n<\/div>\n","protected":false},"excerpt":{"rendered":"<p><strong>Messing Statue Durga<\/strong><\/p>\n<div class=\"product-short-description\">\n<ul>\n<li><em>Repr\u00e4sentiert die vollkommene M\u00fctterlichkeit<\/em><\/li>\n<li><em>Bek\u00e4mpferin von (unseren inneren) D\u00e4monen<\/em><\/li>\n<li>H\u00f6he: 4,5 cm<\/li>\n<li>Material: Messing<\/li>\n<\/ul>\n<\/div>\n","protected":false},"featured_media":12131,"comment_status":"closed","ping_status":"closed","template":"","meta":[],"product_cat":[949],"product_tag":[573,565,562],"yst_prominent_words":[],"yoast_head":"<!-- This site is optimized with the Yoast SEO Premium plugin v14.0.3 - https:\/\/yoast.com\/wordpress\/plugins\/seo\/ -->\n<title>Durga Statue Messing 4,5cm - Mandala Handels GmbH<\/title>\n<meta name=\"robots\" content=\"index, follow\" \/>\n<meta name=\"googlebot\" content=\"index, follow, max-snippet:-1, max-image-preview:large, max-video-preview:-1\" \/>\n<meta name=\"bingbot\" content=\"index, follow, max-snippet:-1, max-image-preview:large, max-video-preview:-1\" \/>\n<link rel=\"canonical\" href=\"https:\/\/mandalagmbh.de\/en\/statuen-messing\/durga-messing-45cm\/\" \/>\n<meta property=\"og:locale\" content=\"en_US\" \/>\n<meta property=\"og:type\" content=\"article\" \/>\n<meta property=\"og:title\" content=\"Durga Statue Messing 4,5cm - Mandala Handels GmbH\" \/>\n<meta property=\"og:description\" content=\"Messing Statue Durga    Repr\u00e4sentiert die vollkommene M\u00fctterlichkeit  Bek\u00e4mpferin von (unseren inneren) D\u00e4monen  H\u00f6he: 4,5 cm  Material: Messing\" \/>\n<meta property=\"og:url\" content=\"https:\/\/mandalagmbh.de\/statuen-messing\/durga-messing-45cm\/\" \/>\n<meta property=\"og:site_name\" content=\"Mandala Handels GmbH\" \/>\n<meta property=\"article:modified_time\" content=\"2025-06-01T09:50:25+00:00\" \/>\n<meta property=\"og:image\" content=\"https:\/\/mandalagmbh.de\/wp-content\/uploads\/2017\/05\/BM-420_Durga_Statue.jpg\" \/>\n\t<meta property=\"og:image:width\" content=\"1500\" \/>\n\t<meta property=\"og:image:height\" content=\"1500\" \/>\n<meta name=\"twitter:card\" content=\"summary_large_image\" \/>\n<script type=\"application\/ld+json\" class=\"yoast-schema-graph\">{\"@context\":\"https:\/\/schema.org\",\"@graph\":[{\"@type\":\"WebSite\",\"@id\":\"https:\/\/mandalagmbh.de\/en\/#website\",\"url\":\"https:\/\/mandalagmbh.de\/en\/\",\"name\":\"Mandala Handels GmbH\",\"description\":\"Spirituelle Ware f\\u00fcr den Alltag\",\"potentialAction\":[{\"@type\":\"SearchAction\",\"target\":\"https:\/\/mandalagmbh.de\/en\/?s={search_term_string}\",\"query-input\":\"required name=search_term_string\"}],\"inLanguage\":\"en-US\"},{\"@type\":\"ImageObject\",\"@id\":\"https:\/\/mandalagmbh.de\/statuen-messing\/durga-messing-45cm\/#primaryimage\",\"inLanguage\":\"en-US\",\"url\":\"https:\/\/mandalagmbh.de\/wp-content\/uploads\/2017\/05\/BM-420_Durga_Statue.jpg\",\"width\":1500,\"height\":1500,\"caption\":\"Durga Statue Messing H\\u00f6he 4,5cm\"},{\"@type\":\"WebPage\",\"@id\":\"https:\/\/mandalagmbh.de\/statuen-messing\/durga-messing-45cm\/#webpage\",\"url\":\"https:\/\/mandalagmbh.de\/statuen-messing\/durga-messing-45cm\/\",\"name\":\"Durga Statue Messing 4,5cm - Mandala Handels GmbH\",\"isPartOf\":{\"@id\":\"https:\/\/mandalagmbh.de\/en\/#website\"},\"primaryImageOfPage\":{\"@id\":\"https:\/\/mandalagmbh.de\/statuen-messing\/durga-messing-45cm\/#primaryimage\"},\"datePublished\":\"2017-05-26T14:13:31+00:00\",\"dateModified\":\"2025-06-01T09:50:25+00:00\",\"inLanguage\":\"en-US\",\"potentialAction\":[{\"@type\":\"ReadAction\",\"target\":[\"https:\/\/mandalagmbh.de\/statuen-messing\/durga-messing-45cm\/\"]}]}]}<\/script>\n<!-- \/ Yoast SEO Premium plugin. -->","_links":{"self":[{"href":"https:\/\/mandalagmbh.de\/en\/wp-json\/wp\/v2\/product\/11559"}],"collection":[{"href":"https:\/\/mandalagmbh.de\/en\/wp-json\/wp\/v2\/product"}],"about":[{"href":"https:\/\/mandalagmbh.de\/en\/wp-json\/wp\/v2\/types\/product"}],"replies":[{"embeddable":true,"href":"https:\/\/mandalagmbh.de\/en\/wp-json\/wp\/v2\/comments?post=11559"}],"wp:featuredmedia":[{"embeddable":true,"href":"https:\/\/mandalagmbh.de\/en\/wp-json\/wp\/v2\/media\/12131"}],"wp:attachment":[{"href":"https:\/\/mandalagmbh.de\/en\/wp-json\/wp\/v2\/media?parent=11559"}],"wp:term":[{"taxonomy":"product_cat","embeddable":true,"href":"https:\/\/mandalagmbh.de\/en\/wp-json\/wp\/v2\/product_cat?post=11559"},{"taxonomy":"product_tag","embeddable":true,"href":"https:\/\/mandalagmbh.de\/en\/wp-json\/wp\/v2\/product_tag?post=11559"},{"taxonomy":"yst_prominent_words","embeddable":true,"href":"https:\/\/mandalagmbh.de\/en\/wp-json\/wp\/v2\/yst_prominent_words?post=11559"}],"curies":[{"name":"wp","href":"https:\/\/api.w.org\/{rel}","templated":true}]}}