{"id":12279,"date":"2025-06-09T07:55:54","date_gmt":"2025-06-09T05:55:54","guid":{"rendered":"https:\/\/mandalagmbh.de\/?post_type=product&#038;p=12279"},"modified":"2025-06-09T08:09:04","modified_gmt":"2025-06-09T06:09:04","slug":"hand-der-fatima-925er-silber-2","status":"publish","type":"product","link":"https:\/\/mandalagmbh.de\/en\/silver-pendant\/hand-der-fatima-925er-silber-2\/","title":{"rendered":"Hand der Fatima 925er Silber"},"content":{"rendered":"<p><strong>Hand der Fatima mit Om Silberanh\u00e4nger<\/strong><\/p>\n<p>Die Hand der Fatima ist ein Symbol f\u00fcr die weisende Hand Gottes. Sie soll vor Ungl\u00fcck sch\u00fctzen und St\u00e4rke, Kraft und Selbstbewusstsein verleihen. Om ist das Symbol f\u00fcr die Einheit allen Seins, f\u00fcr alles was gewesen ist und sein wird. Es steht f\u00fcr den Urklang der Sch\u00f6pfung und gilt als Symbol der spirituellen Erkenntnis.<\/p>\n<p>Hergestellt aus dem Edelmetall Silber welches seit Jahrhunderten in der Schmuckherstellung verwendet wird, verleiht es dem Anh\u00e4nger eine zeitlose Eleganz und Robustheit.<\/p>\n<p><em>Material: 925er Sterling Silber<\/em><\/p>\n","protected":false},"excerpt":{"rendered":"<p><strong>Silberanh\u00e4nger Hand der Fatima mit Om:<\/strong><\/p>\n<ul>\n<li>Hand der Fatima steht f\u00fcr St\u00e4rke und Selbstbewusstsein<\/li>\n<li>Om ist Symbol der spirituellen Erkenntnis und Einheit allen Seins<\/li>\n<li class=\"properties-list-elem\"><span class=\"properties-label\">Edelmetall <\/span>925\/- Silber<\/li>\n<li class=\"properties-list-elem\"><span class=\"properties-label\">Ma\u00dfe Anh\u00e4nger: L\u00e4nge<\/span> ca. 3,9 cm, Breite ca. 2,4 cm<\/li>\n<li><span class=\"properties-label\">Ma\u00dfe \u00d6se: <\/span>ca. 7 mm x 6 mm<\/li>\n<\/ul>\n<p><em>Material: 925er Sterling Silber<\/em><\/p>\n","protected":false},"featured_media":12280,"comment_status":"open","ping_status":"closed","template":"","meta":[],"product_cat":[960],"product_tag":[1226,854],"yst_prominent_words":[704],"yoast_head":"<!-- This site is optimized with the Yoast SEO Premium plugin v14.0.3 - https:\/\/yoast.com\/wordpress\/plugins\/seo\/ -->\n<title>Hand der Fatima 925er Silber - Mandala Handels GmbH<\/title>\n<meta name=\"robots\" content=\"index, follow\" \/>\n<meta name=\"googlebot\" content=\"index, follow, max-snippet:-1, max-image-preview:large, max-video-preview:-1\" \/>\n<meta name=\"bingbot\" content=\"index, follow, max-snippet:-1, max-image-preview:large, max-video-preview:-1\" \/>\n<link rel=\"canonical\" href=\"https:\/\/mandalagmbh.de\/en\/silberanhaenger\/hand-der-fatima-925er-silber-2\/\" \/>\n<meta property=\"og:locale\" content=\"en_US\" \/>\n<meta property=\"og:type\" content=\"article\" \/>\n<meta property=\"og:title\" content=\"Hand der Fatima 925er Silber - Mandala Handels GmbH\" \/>\n<meta property=\"og:description\" content=\"Silberanh\u00e4nger Hand der Fatima mit Om:   Hand der Fatima steht f\u00fcr St\u00e4rke und Selbstbewusstsein  Om ist Symbol der spirituellen Erkenntnis und Einheit allen Seins  Edelmetall 925\/- Silber  Ma\u00dfe Anh\u00e4nger: L\u00e4nge ca. 3,9 cm, Breite ca. 2,4 cm  Ma\u00dfe \u00d6se: ca. 7 mm x 6 mm  Material: 925er Sterling Silber\" \/>\n<meta property=\"og:url\" content=\"https:\/\/mandalagmbh.de\/silberanhaenger\/hand-der-fatima-925er-silber-2\/\" \/>\n<meta property=\"og:site_name\" content=\"Mandala Handels GmbH\" \/>\n<meta property=\"article:modified_time\" content=\"2025-06-09T06:09:04+00:00\" \/>\n<meta property=\"og:image\" content=\"https:\/\/mandalagmbh.de\/wp-content\/uploads\/2025\/06\/S-840_silberanhaenger_hand_der_fatima.jpg\" \/>\n\t<meta property=\"og:image:width\" content=\"1500\" \/>\n\t<meta property=\"og:image:height\" content=\"1500\" \/>\n<meta name=\"twitter:card\" content=\"summary_large_image\" \/>\n<script type=\"application\/ld+json\" class=\"yoast-schema-graph\">{\"@context\":\"https:\/\/schema.org\",\"@graph\":[{\"@type\":\"WebSite\",\"@id\":\"https:\/\/mandalagmbh.de\/en\/#website\",\"url\":\"https:\/\/mandalagmbh.de\/en\/\",\"name\":\"Mandala Handels GmbH\",\"description\":\"Spirituelle Ware f\\u00fcr den Alltag\",\"potentialAction\":[{\"@type\":\"SearchAction\",\"target\":\"https:\/\/mandalagmbh.de\/en\/?s={search_term_string}\",\"query-input\":\"required name=search_term_string\"}],\"inLanguage\":\"en-US\"},{\"@type\":\"ImageObject\",\"@id\":\"https:\/\/mandalagmbh.de\/silberanhaenger\/hand-der-fatima-925er-silber-2\/#primaryimage\",\"inLanguage\":\"en-US\",\"url\":\"https:\/\/mandalagmbh.de\/wp-content\/uploads\/2025\/06\/S-840_silberanhaenger_hand_der_fatima.jpg\",\"width\":1500,\"height\":1500,\"caption\":\"Hand der Fatima Silberanh\\u00e4nger mit OM\"},{\"@type\":\"WebPage\",\"@id\":\"https:\/\/mandalagmbh.de\/silberanhaenger\/hand-der-fatima-925er-silber-2\/#webpage\",\"url\":\"https:\/\/mandalagmbh.de\/silberanhaenger\/hand-der-fatima-925er-silber-2\/\",\"name\":\"Hand der Fatima 925er Silber - Mandala Handels GmbH\",\"isPartOf\":{\"@id\":\"https:\/\/mandalagmbh.de\/en\/#website\"},\"primaryImageOfPage\":{\"@id\":\"https:\/\/mandalagmbh.de\/silberanhaenger\/hand-der-fatima-925er-silber-2\/#primaryimage\"},\"datePublished\":\"2025-06-09T05:55:54+00:00\",\"dateModified\":\"2025-06-09T06:09:04+00:00\",\"inLanguage\":\"en-US\",\"potentialAction\":[{\"@type\":\"ReadAction\",\"target\":[\"https:\/\/mandalagmbh.de\/silberanhaenger\/hand-der-fatima-925er-silber-2\/\"]}]}]}<\/script>\n<!-- \/ Yoast SEO Premium plugin. -->","_links":{"self":[{"href":"https:\/\/mandalagmbh.de\/en\/wp-json\/wp\/v2\/product\/12279"}],"collection":[{"href":"https:\/\/mandalagmbh.de\/en\/wp-json\/wp\/v2\/product"}],"about":[{"href":"https:\/\/mandalagmbh.de\/en\/wp-json\/wp\/v2\/types\/product"}],"replies":[{"embeddable":true,"href":"https:\/\/mandalagmbh.de\/en\/wp-json\/wp\/v2\/comments?post=12279"}],"wp:featuredmedia":[{"embeddable":true,"href":"https:\/\/mandalagmbh.de\/en\/wp-json\/wp\/v2\/media\/12280"}],"wp:attachment":[{"href":"https:\/\/mandalagmbh.de\/en\/wp-json\/wp\/v2\/media?parent=12279"}],"wp:term":[{"taxonomy":"product_cat","embeddable":true,"href":"https:\/\/mandalagmbh.de\/en\/wp-json\/wp\/v2\/product_cat?post=12279"},{"taxonomy":"product_tag","embeddable":true,"href":"https:\/\/mandalagmbh.de\/en\/wp-json\/wp\/v2\/product_tag?post=12279"},{"taxonomy":"yst_prominent_words","embeddable":true,"href":"https:\/\/mandalagmbh.de\/en\/wp-json\/wp\/v2\/yst_prominent_words?post=12279"}],"curies":[{"name":"wp","href":"https:\/\/api.w.org\/{rel}","templated":true}]}}