{"id":12354,"date":"2025-06-22T14:26:22","date_gmt":"2025-06-22T12:26:22","guid":{"rendered":"https:\/\/mandalagmbh.de\/?post_type=product&#038;p=12354"},"modified":"2025-07-06T17:35:48","modified_gmt":"2025-07-06T15:35:48","slug":"bucheinband-aus-tibetischem-brokat","status":"publish","type":"product","link":"https:\/\/mandalagmbh.de\/en\/ritual-objects\/bucheinband-aus-tibetischem-brokat\/","title":{"rendered":"Bucheinband Brokat"},"content":{"rendered":"<p data-start=\"313\" data-end=\"654\"><strong>Bucheinband aus tibetischem Brokat<\/strong><\/p>\n<p data-start=\"313\" data-end=\"654\">Sch\u00fctze deine heiligen Dharmab\u00fccher und Gebetstexte mit dieser traditionellen tibetischen Buchh\u00fclle.<br data-start=\"417\" data-end=\"420\" \/>Handgefertigt aus synthetischem Seidenbrokat mit klassischen tibetischen Mustern, bietet sie eine innere Baumwollf\u00fctterung f\u00fcr zus\u00e4tzliche Haltbarkeit. Der Umschlagverschluss mit langer Stofflasche sorgt f\u00fcr sicheren Halt.<\/p>\n<p data-start=\"656\" data-end=\"889\">Sobald die Texte eingewickelt sind, k\u00f6nnen sie \u2013 wenn notwendig \u2013 gemeinsam mit anderen Gegenst\u00e4nden in einer Tasche transportiert werden. Alternativ kann die Buchh\u00fclle mit dem Inhalt ehrf\u00fcrchtig auf einem Altar platziert werden. Geeignet f\u00fcr Gebetsb\u00fccher im A5-Format. Erh\u00e4ltlich in den Farben: Blau, Rot, orange und Violett<\/p>\n","protected":false},"excerpt":{"rendered":"<p><strong>Bucheinband aus tibetischem Brokat<\/strong><\/p>\n<ul>\n<li>Handgefertigter Bucheinband<\/li>\n<li>Synthetischer Seidenbrokat (Rayon-Polyester-Mischung), Baumwollfutter<\/li>\n<li>Traditionelle tibetische Muster<\/li>\n<li>Ideal f\u00fcr Gebets- und Dharmatexte im A5-Format<\/li>\n<\/ul>\n","protected":false},"featured_media":12394,"comment_status":"closed","ping_status":"closed","template":"","meta":[],"product_cat":[944],"product_tag":[],"yst_prominent_words":[],"yoast_head":"<!-- This site is optimized with the Yoast SEO Premium plugin v14.0.3 - https:\/\/yoast.com\/wordpress\/plugins\/seo\/ -->\n<title>Bucheinband Brokat - Mandala Handels GmbH<\/title>\n<meta name=\"robots\" content=\"index, follow\" \/>\n<meta name=\"googlebot\" content=\"index, follow, max-snippet:-1, max-image-preview:large, max-video-preview:-1\" \/>\n<meta name=\"bingbot\" content=\"index, follow, max-snippet:-1, max-image-preview:large, max-video-preview:-1\" \/>\n<link rel=\"canonical\" href=\"https:\/\/mandalagmbh.de\/en\/ritualgegenstaende\/bucheinband-aus-tibetischem-brokat\/\" \/>\n<meta property=\"og:locale\" content=\"en_US\" \/>\n<meta property=\"og:type\" content=\"article\" \/>\n<meta property=\"og:title\" content=\"Bucheinband Brokat - Mandala Handels GmbH\" \/>\n<meta property=\"og:description\" content=\"Bucheinband aus tibetischem Brokat   Handgefertigter Bucheinband  Synthetischer Seidenbrokat (Rayon-Polyester-Mischung), Baumwollfutter  Traditionelle tibetische Muster  Ideal f\u00fcr Gebets- und Dharmatexte im A5-Format\" \/>\n<meta property=\"og:url\" content=\"https:\/\/mandalagmbh.de\/ritualgegenstaende\/bucheinband-aus-tibetischem-brokat\/\" \/>\n<meta property=\"og:site_name\" content=\"Mandala Handels GmbH\" \/>\n<meta property=\"article:modified_time\" content=\"2025-07-06T15:35:48+00:00\" \/>\n<meta property=\"og:image\" content=\"https:\/\/mandalagmbh.de\/wp-content\/uploads\/2025\/06\/Bucheinband-aus-tibetischem-Brokat-1.jpg\" \/>\n\t<meta property=\"og:image:width\" content=\"1500\" \/>\n\t<meta property=\"og:image:height\" content=\"1500\" \/>\n<meta name=\"twitter:card\" content=\"summary_large_image\" \/>\n<script type=\"application\/ld+json\" class=\"yoast-schema-graph\">{\"@context\":\"https:\/\/schema.org\",\"@graph\":[{\"@type\":\"WebSite\",\"@id\":\"https:\/\/mandalagmbh.de\/en\/#website\",\"url\":\"https:\/\/mandalagmbh.de\/en\/\",\"name\":\"Mandala Handels GmbH\",\"description\":\"Spirituelle Ware f\\u00fcr den Alltag\",\"potentialAction\":[{\"@type\":\"SearchAction\",\"target\":\"https:\/\/mandalagmbh.de\/en\/?s={search_term_string}\",\"query-input\":\"required name=search_term_string\"}],\"inLanguage\":\"en-US\"},{\"@type\":\"ImageObject\",\"@id\":\"https:\/\/mandalagmbh.de\/ritualgegenstaende\/bucheinband-aus-tibetischem-brokat\/#primaryimage\",\"inLanguage\":\"en-US\",\"url\":\"https:\/\/mandalagmbh.de\/wp-content\/uploads\/2025\/06\/Bucheinband-aus-tibetischem-Brokat-1.jpg\",\"width\":1500,\"height\":1500,\"caption\":\"Bucheinband-aus-tibetischem-Brokat\"},{\"@type\":\"WebPage\",\"@id\":\"https:\/\/mandalagmbh.de\/ritualgegenstaende\/bucheinband-aus-tibetischem-brokat\/#webpage\",\"url\":\"https:\/\/mandalagmbh.de\/ritualgegenstaende\/bucheinband-aus-tibetischem-brokat\/\",\"name\":\"Bucheinband Brokat - Mandala Handels GmbH\",\"isPartOf\":{\"@id\":\"https:\/\/mandalagmbh.de\/en\/#website\"},\"primaryImageOfPage\":{\"@id\":\"https:\/\/mandalagmbh.de\/ritualgegenstaende\/bucheinband-aus-tibetischem-brokat\/#primaryimage\"},\"datePublished\":\"2025-06-22T12:26:22+00:00\",\"dateModified\":\"2025-07-06T15:35:48+00:00\",\"inLanguage\":\"en-US\",\"potentialAction\":[{\"@type\":\"ReadAction\",\"target\":[\"https:\/\/mandalagmbh.de\/ritualgegenstaende\/bucheinband-aus-tibetischem-brokat\/\"]}]}]}<\/script>\n<!-- \/ Yoast SEO Premium plugin. -->","_links":{"self":[{"href":"https:\/\/mandalagmbh.de\/en\/wp-json\/wp\/v2\/product\/12354"}],"collection":[{"href":"https:\/\/mandalagmbh.de\/en\/wp-json\/wp\/v2\/product"}],"about":[{"href":"https:\/\/mandalagmbh.de\/en\/wp-json\/wp\/v2\/types\/product"}],"replies":[{"embeddable":true,"href":"https:\/\/mandalagmbh.de\/en\/wp-json\/wp\/v2\/comments?post=12354"}],"wp:featuredmedia":[{"embeddable":true,"href":"https:\/\/mandalagmbh.de\/en\/wp-json\/wp\/v2\/media\/12394"}],"wp:attachment":[{"href":"https:\/\/mandalagmbh.de\/en\/wp-json\/wp\/v2\/media?parent=12354"}],"wp:term":[{"taxonomy":"product_cat","embeddable":true,"href":"https:\/\/mandalagmbh.de\/en\/wp-json\/wp\/v2\/product_cat?post=12354"},{"taxonomy":"product_tag","embeddable":true,"href":"https:\/\/mandalagmbh.de\/en\/wp-json\/wp\/v2\/product_tag?post=12354"},{"taxonomy":"yst_prominent_words","embeddable":true,"href":"https:\/\/mandalagmbh.de\/en\/wp-json\/wp\/v2\/yst_prominent_words?post=12354"}],"curies":[{"name":"wp","href":"https:\/\/api.w.org\/{rel}","templated":true}]}}