{"id":12511,"date":"2025-08-11T17:16:27","date_gmt":"2025-08-11T15:16:27","guid":{"rendered":"https:\/\/mandalagmbh.de\/?post_type=product&#038;p=12511"},"modified":"2025-11-18T13:37:52","modified_gmt":"2025-11-18T11:37:52","slug":"dorje-vajra-bajra","status":"publish","type":"product","link":"https:\/\/mandalagmbh.de\/en\/ritual-objects\/dorje-vajra-bajra\/","title":{"rendered":"Dorje Bajra Messing 18cm"},"content":{"rendered":"<p data-start=\"1095\" data-end=\"1436\">Der <strong data-start=\"1099\" data-end=\"1114\">Dorje Vajra<\/strong>, auch <strong data-start=\"1121\" data-end=\"1130\">Bajra<\/strong> genannt, ist eines der bedeutendsten Symbole im tibetischen Buddhismus. Er steht f\u00fcr die unzerst\u00f6rbare Wahrheit und geistige Kraft, die jegliche T\u00e4uschung \u00fcberwindet. In Ritualen und Meditation wird der Dorje oft zusammen mit einer Glocke verwendet, um <strong data-start=\"1384\" data-end=\"1410\">Mitgef\u00fchl und Weisheit<\/strong> in Einklang zu bringen.<\/p>\n<p data-start=\"1438\" data-end=\"1807\">Dieses Dorje Vajra wurde <strong data-start=\"1463\" data-end=\"1521\">in Nepal von erfahrenen Kunsthandwerkern handgefertigt<\/strong> und besteht aus hochwertigem Messing oder Bronze. Die pr\u00e4zise Gravur und das traditionelle Design spiegeln die jahrhundertealte Handwerkskunst wider. Jede Spitze und Form hat eine symbolische Bedeutung \u2013 die f\u00fcnf Strahlen beispielsweise stehen f\u00fcr die f\u00fcnf Weisheiten des Buddhismus.<\/p>\n<p data-start=\"1809\" data-end=\"2142\">Traditionell wird der Dorje w\u00e4hrend buddhistischer Zeremonien in der rechten Hand gehalten, w\u00e4hrend in der linken Hand die Glocke (Ghanta) getragen wird. Der Dorje repr\u00e4sentiert die <strong data-start=\"1991\" data-end=\"2020\">m\u00e4nnliche, aktive Energie<\/strong>, die sich mit der <strong data-start=\"2039\" data-end=\"2075\">weiblichen, empfangenden Energie<\/strong> der Glocke verbindet, um spirituelles Gleichgewicht zu schaffen.<\/p>\n<p data-start=\"2144\" data-end=\"2461\">Dieses Ritualobjekt ist nicht nur f\u00fcr <strong data-start=\"2182\" data-end=\"2211\">praktizierende Buddhisten<\/strong> geeignet, sondern auch f\u00fcr <strong data-start=\"2239\" data-end=\"2269\">Sammler spiritueller Kunst<\/strong>, f\u00fcr Meditationsr\u00e4ume oder als <strong data-start=\"2301\" data-end=\"2330\">bedeutungsvolles Geschenk<\/strong>. Seine Pr\u00e4senz kann helfen, <strong data-start=\"2359\" data-end=\"2398\">negative Energien zu neutralisieren<\/strong> und einen Raum der Achtsamkeit und des Friedens zu schaffen.<\/p>\n","protected":false},"excerpt":{"rendered":"<p><strong>Dorje Bajra<\/strong><\/p>\n<ul>\n<li data-start=\"796\" data-end=\"846\">Symbol f\u00fcr unzerst\u00f6rbare Kraft und Mitgef\u00fchl<\/li>\n<li data-start=\"849\" data-end=\"906\">Verwendet in buddhistischen Zeremonien &amp; Meditation<\/li>\n<li data-start=\"909\" data-end=\"963\">Hergestellt aus hochwertigem Messing oder Bronze<\/li>\n<li data-start=\"966\" data-end=\"1008\">Spirituelles Geschenk f\u00fcr Praktizierende<\/li>\n<li>Handgefertigt in Nepal von erfahrenen Handwerkern<\/li>\n<li data-start=\"966\" data-end=\"1008\">L\u00e4nge ca.18cm<\/li>\n<\/ul>\n","protected":false},"featured_media":12526,"comment_status":"closed","ping_status":"closed","template":"","meta":[],"product_cat":[944],"product_tag":[415],"yst_prominent_words":[],"yoast_head":"<!-- This site is optimized with the Yoast SEO Premium plugin v14.0.3 - https:\/\/yoast.com\/wordpress\/plugins\/seo\/ -->\n<title>Dorje Bajra Messing 18cm - Mandala Handels GmbH<\/title>\n<meta name=\"description\" content=\"Dorje Vajra (Bajra) \u2013 handgefertigt in Nepal, symbolisiert unzerst\u00f6rbare Kraft &amp; spirituelle Reinheit. Ideal f\u00fcr Meditation, Rituale &amp; buddhistische Zeremonien.\" \/>\n<meta name=\"robots\" content=\"index, follow\" \/>\n<meta name=\"googlebot\" content=\"index, follow, max-snippet:-1, max-image-preview:large, max-video-preview:-1\" \/>\n<meta name=\"bingbot\" content=\"index, follow, max-snippet:-1, max-image-preview:large, max-video-preview:-1\" \/>\n<link rel=\"canonical\" href=\"https:\/\/mandalagmbh.de\/en\/ritualgegenstaende\/dorje-vajra-bajra\/\" \/>\n<meta property=\"og:locale\" content=\"en_US\" \/>\n<meta property=\"og:type\" content=\"article\" \/>\n<meta property=\"og:title\" content=\"Dorje Bajra Messing 18cm - Mandala Handels GmbH\" \/>\n<meta property=\"og:description\" content=\"Dorje Vajra (Bajra) \u2013 handgefertigt in Nepal, symbolisiert unzerst\u00f6rbare Kraft &amp; spirituelle Reinheit. Ideal f\u00fcr Meditation, Rituale &amp; buddhistische Zeremonien.\" \/>\n<meta property=\"og:url\" content=\"https:\/\/mandalagmbh.de\/ritualgegenstaende\/dorje-vajra-bajra\/\" \/>\n<meta property=\"og:site_name\" content=\"Mandala Handels GmbH\" \/>\n<meta property=\"article:modified_time\" content=\"2025-11-18T11:37:52+00:00\" \/>\n<meta property=\"og:image\" content=\"https:\/\/mandalagmbh.de\/wp-content\/uploads\/2025\/08\/Dorje-Photoroom.jpg\" \/>\n\t<meta property=\"og:image:width\" content=\"2000\" \/>\n\t<meta property=\"og:image:height\" content=\"2000\" \/>\n<meta name=\"twitter:card\" content=\"summary_large_image\" \/>\n<script type=\"application\/ld+json\" class=\"yoast-schema-graph\">{\"@context\":\"https:\/\/schema.org\",\"@graph\":[{\"@type\":\"WebSite\",\"@id\":\"https:\/\/mandalagmbh.de\/en\/#website\",\"url\":\"https:\/\/mandalagmbh.de\/en\/\",\"name\":\"Mandala Handels GmbH\",\"description\":\"Spirituelle Ware f\\u00fcr den Alltag\",\"potentialAction\":[{\"@type\":\"SearchAction\",\"target\":\"https:\/\/mandalagmbh.de\/en\/?s={search_term_string}\",\"query-input\":\"required name=search_term_string\"}],\"inLanguage\":\"en-US\"},{\"@type\":\"ImageObject\",\"@id\":\"https:\/\/mandalagmbh.de\/ritualgegenstaende\/dorje-vajra-bajra\/#primaryimage\",\"inLanguage\":\"en-US\",\"url\":\"https:\/\/mandalagmbh.de\/wp-content\/uploads\/2025\/08\/Dorje-Photoroom.jpg\",\"width\":2000,\"height\":2000,\"caption\":\"Dorje\"},{\"@type\":\"WebPage\",\"@id\":\"https:\/\/mandalagmbh.de\/ritualgegenstaende\/dorje-vajra-bajra\/#webpage\",\"url\":\"https:\/\/mandalagmbh.de\/ritualgegenstaende\/dorje-vajra-bajra\/\",\"name\":\"Dorje Bajra Messing 18cm - Mandala Handels GmbH\",\"isPartOf\":{\"@id\":\"https:\/\/mandalagmbh.de\/en\/#website\"},\"primaryImageOfPage\":{\"@id\":\"https:\/\/mandalagmbh.de\/ritualgegenstaende\/dorje-vajra-bajra\/#primaryimage\"},\"datePublished\":\"2025-08-11T15:16:27+00:00\",\"dateModified\":\"2025-11-18T11:37:52+00:00\",\"description\":\"Dorje Vajra (Bajra) \\u2013 handgefertigt in Nepal, symbolisiert unzerst\\u00f6rbare Kraft & spirituelle Reinheit. Ideal f\\u00fcr Meditation, Rituale & buddhistische Zeremonien.\",\"inLanguage\":\"en-US\",\"potentialAction\":[{\"@type\":\"ReadAction\",\"target\":[\"https:\/\/mandalagmbh.de\/ritualgegenstaende\/dorje-vajra-bajra\/\"]}]}]}<\/script>\n<!-- \/ Yoast SEO Premium plugin. -->","_links":{"self":[{"href":"https:\/\/mandalagmbh.de\/en\/wp-json\/wp\/v2\/product\/12511"}],"collection":[{"href":"https:\/\/mandalagmbh.de\/en\/wp-json\/wp\/v2\/product"}],"about":[{"href":"https:\/\/mandalagmbh.de\/en\/wp-json\/wp\/v2\/types\/product"}],"replies":[{"embeddable":true,"href":"https:\/\/mandalagmbh.de\/en\/wp-json\/wp\/v2\/comments?post=12511"}],"wp:featuredmedia":[{"embeddable":true,"href":"https:\/\/mandalagmbh.de\/en\/wp-json\/wp\/v2\/media\/12526"}],"wp:attachment":[{"href":"https:\/\/mandalagmbh.de\/en\/wp-json\/wp\/v2\/media?parent=12511"}],"wp:term":[{"taxonomy":"product_cat","embeddable":true,"href":"https:\/\/mandalagmbh.de\/en\/wp-json\/wp\/v2\/product_cat?post=12511"},{"taxonomy":"product_tag","embeddable":true,"href":"https:\/\/mandalagmbh.de\/en\/wp-json\/wp\/v2\/product_tag?post=12511"},{"taxonomy":"yst_prominent_words","embeddable":true,"href":"https:\/\/mandalagmbh.de\/en\/wp-json\/wp\/v2\/yst_prominent_words?post=12511"}],"curies":[{"name":"wp","href":"https:\/\/api.w.org\/{rel}","templated":true}]}}