{"id":12623,"date":"2025-09-04T12:27:55","date_gmt":"2025-09-04T10:27:55","guid":{"rendered":"https:\/\/mandalagmbh.de\/?post_type=product&#038;p=12623"},"modified":"2025-10-30T14:48:21","modified_gmt":"2025-10-30T12:48:21","slug":"armreif-weissmetall-mit-stein","status":"publish","type":"product","link":"https:\/\/mandalagmbh.de\/en\/bangles\/armreif-weissmetall-mit-stein\/","title":{"rendered":"Armreif Wei\u00dfmetall mit Stein"},"content":{"rendered":"<p>Armreif Wei\u00dfmetall, erh\u00e4ltlich mit verschiedenen Steinen wie Lapislazuli, Tigerauge, Labradorit und Mondstein, hergestellt in Nepal.<\/p>\n","protected":false},"excerpt":{"rendered":"<p>Armreif Wei\u00dfmetall mit Stein<\/p>\n<ul>\n<li>verschiedene Steinsorten<\/li>\n<li>einseitig offen<\/li>\n<li>Gr\u00f6\u00dfeneinstellung flexibel<\/li>\n<li>Hergestellt in Nepal<\/li>\n<\/ul>\n","protected":false},"featured_media":2932,"comment_status":"open","ping_status":"closed","template":"","meta":[],"product_cat":[965,953],"product_tag":[658,629],"yst_prominent_words":[],"yoast_head":"<!-- This site is optimized with the Yoast SEO Premium plugin v14.0.3 - https:\/\/yoast.com\/wordpress\/plugins\/seo\/ -->\n<title>Armreif Kupfer oval<\/title>\n<meta name=\"description\" content=\"Armreif Kupfer oval, hier im Gro\u00dfhandel online kaufen.\" \/>\n<meta name=\"robots\" content=\"index, follow\" \/>\n<meta name=\"googlebot\" content=\"index, follow, max-snippet:-1, max-image-preview:large, max-video-preview:-1\" \/>\n<meta name=\"bingbot\" content=\"index, follow, max-snippet:-1, max-image-preview:large, max-video-preview:-1\" \/>\n<link rel=\"canonical\" href=\"https:\/\/mandalagmbh.de\/en\/armreifen\/armreif-weissmetall-mit-stein\/\" \/>\n<meta property=\"og:locale\" content=\"en_US\" \/>\n<meta property=\"og:type\" content=\"article\" \/>\n<meta property=\"og:title\" content=\"Armreif Kupfer oval\" \/>\n<meta property=\"og:description\" content=\"Armreif Kupfer oval, hier im Gro\u00dfhandel online kaufen.\" \/>\n<meta property=\"og:url\" content=\"https:\/\/mandalagmbh.de\/armreifen\/armreif-weissmetall-mit-stein\/\" \/>\n<meta property=\"og:site_name\" content=\"Mandala Handels GmbH\" \/>\n<meta property=\"article:modified_time\" content=\"2025-10-30T12:48:21+00:00\" \/>\n<meta property=\"og:image\" content=\"https:\/\/mandalagmbh.de\/wp-content\/uploads\/2019\/06\/1878_Product.jpg\" \/>\n\t<meta property=\"og:image:width\" content=\"1500\" \/>\n\t<meta property=\"og:image:height\" content=\"1476\" \/>\n<meta name=\"twitter:card\" content=\"summary_large_image\" \/>\n<script type=\"application\/ld+json\" class=\"yoast-schema-graph\">{\"@context\":\"https:\/\/schema.org\",\"@graph\":[{\"@type\":\"WebSite\",\"@id\":\"https:\/\/mandalagmbh.de\/en\/#website\",\"url\":\"https:\/\/mandalagmbh.de\/en\/\",\"name\":\"Mandala Handels GmbH\",\"description\":\"Spirituelle Ware f\\u00fcr den Alltag\",\"potentialAction\":[{\"@type\":\"SearchAction\",\"target\":\"https:\/\/mandalagmbh.de\/en\/?s={search_term_string}\",\"query-input\":\"required name=search_term_string\"}],\"inLanguage\":\"en-US\"},{\"@type\":\"ImageObject\",\"@id\":\"https:\/\/mandalagmbh.de\/armreifen\/armreif-weissmetall-mit-stein\/#primaryimage\",\"inLanguage\":\"en-US\",\"url\":\"https:\/\/mandalagmbh.de\/wp-content\/uploads\/2019\/06\/1878_Product.jpg\",\"width\":1500,\"height\":1476,\"caption\":\"Armreif Tigerauge Weissmetall 1 Stein\"},{\"@type\":\"WebPage\",\"@id\":\"https:\/\/mandalagmbh.de\/armreifen\/armreif-weissmetall-mit-stein\/#webpage\",\"url\":\"https:\/\/mandalagmbh.de\/armreifen\/armreif-weissmetall-mit-stein\/\",\"name\":\"Armreif Kupfer oval\",\"isPartOf\":{\"@id\":\"https:\/\/mandalagmbh.de\/en\/#website\"},\"primaryImageOfPage\":{\"@id\":\"https:\/\/mandalagmbh.de\/armreifen\/armreif-weissmetall-mit-stein\/#primaryimage\"},\"datePublished\":\"2025-09-04T10:27:55+00:00\",\"dateModified\":\"2025-10-30T12:48:21+00:00\",\"description\":\"Armreif Kupfer oval, hier im Gro\\u00dfhandel online kaufen.\",\"inLanguage\":\"en-US\",\"potentialAction\":[{\"@type\":\"ReadAction\",\"target\":[\"https:\/\/mandalagmbh.de\/armreifen\/armreif-weissmetall-mit-stein\/\"]}]}]}<\/script>\n<!-- \/ Yoast SEO Premium plugin. -->","_links":{"self":[{"href":"https:\/\/mandalagmbh.de\/en\/wp-json\/wp\/v2\/product\/12623"}],"collection":[{"href":"https:\/\/mandalagmbh.de\/en\/wp-json\/wp\/v2\/product"}],"about":[{"href":"https:\/\/mandalagmbh.de\/en\/wp-json\/wp\/v2\/types\/product"}],"replies":[{"embeddable":true,"href":"https:\/\/mandalagmbh.de\/en\/wp-json\/wp\/v2\/comments?post=12623"}],"wp:featuredmedia":[{"embeddable":true,"href":"https:\/\/mandalagmbh.de\/en\/wp-json\/wp\/v2\/media\/2932"}],"wp:attachment":[{"href":"https:\/\/mandalagmbh.de\/en\/wp-json\/wp\/v2\/media?parent=12623"}],"wp:term":[{"taxonomy":"product_cat","embeddable":true,"href":"https:\/\/mandalagmbh.de\/en\/wp-json\/wp\/v2\/product_cat?post=12623"},{"taxonomy":"product_tag","embeddable":true,"href":"https:\/\/mandalagmbh.de\/en\/wp-json\/wp\/v2\/product_tag?post=12623"},{"taxonomy":"yst_prominent_words","embeddable":true,"href":"https:\/\/mandalagmbh.de\/en\/wp-json\/wp\/v2\/yst_prominent_words?post=12623"}],"curies":[{"name":"wp","href":"https:\/\/api.w.org\/{rel}","templated":true}]}}