{"id":2001,"date":"2018-05-11T14:56:47","date_gmt":"2018-05-11T12:56:47","guid":{"rendered":"https:\/\/mandalagmbh.de\/unkategorisiert\/statue-saraswati-messing-45cm\/"},"modified":"2026-02-09T19:04:00","modified_gmt":"2026-02-09T17:04:00","slug":"saraswati-statue-messing-45cm","status":"publish","type":"product","link":"https:\/\/mandalagmbh.de\/en\/statues-brass\/saraswati-statue-messing-45cm\/","title":{"rendered":"Saraswati Statue Messing 4,5cm"},"content":{"rendered":"<h3>Saraswati Statue aus Messing<\/h3>\n<p>Sie ist im Hinduismus die G\u00f6ttin der h\u00f6rbaren K\u00fcnste wie z.B. Musik, Dichtkunst und Rhetorik. Ebenso ist sie eine G\u00f6ttin der Weisheit und Gelehrsamkeit. In Indien z\u00e4hlt sie zu einer der popul\u00e4rsten G\u00f6ttinnen und genie\u00dft ein hohes Ansehen.<\/p>\n<p>Diese sch\u00f6ne Statue ist aus Messing gefertigt und misst eine H\u00f6he von 4,5 cm, wodurch sie ideal f\u00fcr unterwegs, beispielsweise als Reisebegleiter, oder auch f\u00fcr den eigenen Schreibtisch geeignet ist. Trotz der kleinen Gr\u00f6\u00dfe kann diese Statue ein starkes Symbol sein und sowohl f\u00fcr den Altar als auch bei einer Meditation verwendet werden.<\/p>\n","protected":false},"excerpt":{"rendered":"<p><strong>Messing Statue Saraswati<\/strong><\/p>\n<ul>\n<li><em>G\u00f6ttin der Weisheit, Gelehrsamkeit, Rhetorik, Dichtkunst, Musik und Wissenschaft<\/em><\/li>\n<li>H\u00f6he: 4,5cm<\/li>\n<li>Material: Messing<\/li>\n<\/ul>\n","protected":false},"featured_media":2105,"comment_status":"open","ping_status":"closed","template":"","meta":[],"product_cat":[949],"product_tag":[585,562],"yst_prominent_words":[],"yoast_head":"<!-- This site is optimized with the Yoast SEO Premium plugin v14.0.3 - https:\/\/yoast.com\/wordpress\/plugins\/seo\/ -->\n<title>Statue Saraswati Messing 4,5cm<\/title>\n<meta name=\"description\" content=\"Statue Saraswati Messing 4,5cm\" \/>\n<meta name=\"robots\" content=\"index, follow\" \/>\n<meta name=\"googlebot\" content=\"index, follow, max-snippet:-1, max-image-preview:large, max-video-preview:-1\" \/>\n<meta name=\"bingbot\" content=\"index, follow, max-snippet:-1, max-image-preview:large, max-video-preview:-1\" \/>\n<link rel=\"canonical\" href=\"https:\/\/mandalagmbh.de\/en\/statuen-messing\/saraswati-statue-messing-45cm\/\" \/>\n<meta property=\"og:locale\" content=\"en_US\" \/>\n<meta property=\"og:type\" content=\"article\" \/>\n<meta property=\"og:title\" content=\"Statue Saraswati Messing 4,5cm\" \/>\n<meta property=\"og:description\" content=\"Statue Saraswati Messing 4,5cm\" \/>\n<meta property=\"og:url\" content=\"https:\/\/mandalagmbh.de\/statuen-messing\/saraswati-statue-messing-45cm\/\" \/>\n<meta property=\"og:site_name\" content=\"Mandala Handels GmbH\" \/>\n<meta property=\"article:modified_time\" content=\"2026-02-09T17:04:00+00:00\" \/>\n<meta property=\"og:image\" content=\"https:\/\/mandalagmbh.de\/wp-content\/uploads\/2019\/11\/1239_Product.jpg\" \/>\n\t<meta property=\"og:image:width\" content=\"2082\" \/>\n\t<meta property=\"og:image:height\" content=\"1973\" \/>\n<meta name=\"twitter:card\" content=\"summary_large_image\" \/>\n<script type=\"application\/ld+json\" class=\"yoast-schema-graph\">{\"@context\":\"https:\/\/schema.org\",\"@graph\":[{\"@type\":\"WebSite\",\"@id\":\"https:\/\/mandalagmbh.de\/en\/#website\",\"url\":\"https:\/\/mandalagmbh.de\/en\/\",\"name\":\"Mandala Handels GmbH\",\"description\":\"Spirituelle Ware f\\u00fcr den Alltag\",\"potentialAction\":[{\"@type\":\"SearchAction\",\"target\":\"https:\/\/mandalagmbh.de\/en\/?s={search_term_string}\",\"query-input\":\"required name=search_term_string\"}],\"inLanguage\":\"en-US\"},{\"@type\":\"ImageObject\",\"@id\":\"https:\/\/mandalagmbh.de\/statuen-messing\/saraswati-statue-messing-45cm\/#primaryimage\",\"inLanguage\":\"en-US\",\"url\":\"https:\/\/mandalagmbh.de\/wp-content\/uploads\/2019\/11\/1239_Product.jpg\",\"width\":2082,\"height\":1973,\"caption\":\"Saraswati Statue Messing 4,5cm\"},{\"@type\":\"WebPage\",\"@id\":\"https:\/\/mandalagmbh.de\/statuen-messing\/saraswati-statue-messing-45cm\/#webpage\",\"url\":\"https:\/\/mandalagmbh.de\/statuen-messing\/saraswati-statue-messing-45cm\/\",\"name\":\"Statue Saraswati Messing 4,5cm\",\"isPartOf\":{\"@id\":\"https:\/\/mandalagmbh.de\/en\/#website\"},\"primaryImageOfPage\":{\"@id\":\"https:\/\/mandalagmbh.de\/statuen-messing\/saraswati-statue-messing-45cm\/#primaryimage\"},\"datePublished\":\"2018-05-11T12:56:47+00:00\",\"dateModified\":\"2026-02-09T17:04:00+00:00\",\"description\":\"Statue Saraswati Messing 4,5cm\",\"inLanguage\":\"en-US\",\"potentialAction\":[{\"@type\":\"ReadAction\",\"target\":[\"https:\/\/mandalagmbh.de\/statuen-messing\/saraswati-statue-messing-45cm\/\"]}]}]}<\/script>\n<!-- \/ Yoast SEO Premium plugin. -->","_links":{"self":[{"href":"https:\/\/mandalagmbh.de\/en\/wp-json\/wp\/v2\/product\/2001"}],"collection":[{"href":"https:\/\/mandalagmbh.de\/en\/wp-json\/wp\/v2\/product"}],"about":[{"href":"https:\/\/mandalagmbh.de\/en\/wp-json\/wp\/v2\/types\/product"}],"replies":[{"embeddable":true,"href":"https:\/\/mandalagmbh.de\/en\/wp-json\/wp\/v2\/comments?post=2001"}],"wp:featuredmedia":[{"embeddable":true,"href":"https:\/\/mandalagmbh.de\/en\/wp-json\/wp\/v2\/media\/2105"}],"wp:attachment":[{"href":"https:\/\/mandalagmbh.de\/en\/wp-json\/wp\/v2\/media?parent=2001"}],"wp:term":[{"taxonomy":"product_cat","embeddable":true,"href":"https:\/\/mandalagmbh.de\/en\/wp-json\/wp\/v2\/product_cat?post=2001"},{"taxonomy":"product_tag","embeddable":true,"href":"https:\/\/mandalagmbh.de\/en\/wp-json\/wp\/v2\/product_tag?post=2001"},{"taxonomy":"yst_prominent_words","embeddable":true,"href":"https:\/\/mandalagmbh.de\/en\/wp-json\/wp\/v2\/yst_prominent_words?post=2001"}],"curies":[{"name":"wp","href":"https:\/\/api.w.org\/{rel}","templated":true}]}}