{"id":2006,"date":"2018-05-11T15:22:22","date_gmt":"2018-05-11T13:22:22","guid":{"rendered":"https:\/\/mandalagmbh.de\/unkategorisiert\/statue-lakshmi-messing-55cm\/"},"modified":"2025-06-01T11:37:31","modified_gmt":"2025-06-01T09:37:31","slug":"lakshmi-statue-messing-55cm","status":"publish","type":"product","link":"https:\/\/mandalagmbh.de\/en\/statues-brass\/lakshmi-statue-messing-55cm\/","title":{"rendered":"Lakshmi Statue Messing 5,5cm"},"content":{"rendered":"<p><strong>Lakshmi Statue Messing<\/strong><\/p>\n<p>Lakshmi ist die hinduistische G\u00f6ttin des Gl\u00fccks, der Liebe, der Fruchtbarkeit, des Wohlstandes, der Gesundheit und der Sch\u00f6nheit. Sie ist nicht nur Spenderin von Reichtum, sondern auch von geistigem Wohlbefinden, Harmonie, F\u00fclle und \u00dcberfluss. Zudem gilt sie als Besch\u00fctzerin der Pflanzen.<\/p>\n<p>Diese sch\u00f6ne Statue ist aus Messing gefertigt und misst eine H\u00f6he von 5,5 cm, wodurch sie ideal f\u00fcr unterwegs, beispielsweise als Reisebegleiter, oder auch f\u00fcr den eigenen Schreibtisch geeignet ist. Trotz der kleinen Gr\u00f6\u00dfe kann diese Statue ein starkes Symbol sein und sowohl f\u00fcr den Altar als auch bei einer Meditation verwendet werden.<\/p>\n","protected":false},"excerpt":{"rendered":"<p><strong>Lakshmi Statue Messing<\/strong><\/p>\n<ul>\n<li><em>Steht f\u00fcr Gesundheit, Gl\u00fcck, Harmonie, Liebe, F\u00fclle und \u00dcberfluss<\/em><\/li>\n<li><em>Besch\u00fctzerin der Pflanzen<\/em><\/li>\n<li>H\u00f6he: 5,5cm<\/li>\n<li>Material: Messing<\/li>\n<\/ul>\n","protected":false},"featured_media":2033,"comment_status":"open","ping_status":"closed","template":"","meta":[],"product_cat":[949],"product_tag":[568,584,565,562],"yst_prominent_words":[],"yoast_head":"<!-- This site is optimized with the Yoast SEO Premium plugin v14.0.3 - https:\/\/yoast.com\/wordpress\/plugins\/seo\/ -->\n<title>Statue Lakshmi Messing 5,5cm<\/title>\n<meta name=\"description\" content=\"Statue Lakshmi Messing 5,5cm\" \/>\n<meta name=\"robots\" content=\"index, follow\" \/>\n<meta name=\"googlebot\" content=\"index, follow, max-snippet:-1, max-image-preview:large, max-video-preview:-1\" \/>\n<meta name=\"bingbot\" content=\"index, follow, max-snippet:-1, max-image-preview:large, max-video-preview:-1\" \/>\n<link rel=\"canonical\" href=\"https:\/\/mandalagmbh.de\/en\/statuen-messing\/lakshmi-statue-messing-55cm\/\" \/>\n<meta property=\"og:locale\" content=\"en_US\" \/>\n<meta property=\"og:type\" content=\"article\" \/>\n<meta property=\"og:title\" content=\"Statue Lakshmi Messing 5,5cm\" \/>\n<meta property=\"og:description\" content=\"Statue Lakshmi Messing 5,5cm\" \/>\n<meta property=\"og:url\" content=\"https:\/\/mandalagmbh.de\/statuen-messing\/lakshmi-statue-messing-55cm\/\" \/>\n<meta property=\"og:site_name\" content=\"Mandala Handels GmbH\" \/>\n<meta property=\"article:modified_time\" content=\"2025-06-01T09:37:31+00:00\" \/>\n<meta property=\"og:image\" content=\"https:\/\/mandalagmbh.de\/wp-content\/uploads\/2019\/11\/1205_Product.jpg\" \/>\n\t<meta property=\"og:image:width\" content=\"1500\" \/>\n\t<meta property=\"og:image:height\" content=\"1500\" \/>\n<meta name=\"twitter:card\" content=\"summary_large_image\" \/>\n<script type=\"application\/ld+json\" class=\"yoast-schema-graph\">{\"@context\":\"https:\/\/schema.org\",\"@graph\":[{\"@type\":\"WebSite\",\"@id\":\"https:\/\/mandalagmbh.de\/en\/#website\",\"url\":\"https:\/\/mandalagmbh.de\/en\/\",\"name\":\"Mandala Handels GmbH\",\"description\":\"Spirituelle Ware f\\u00fcr den Alltag\",\"potentialAction\":[{\"@type\":\"SearchAction\",\"target\":\"https:\/\/mandalagmbh.de\/en\/?s={search_term_string}\",\"query-input\":\"required name=search_term_string\"}],\"inLanguage\":\"en-US\"},{\"@type\":\"ImageObject\",\"@id\":\"https:\/\/mandalagmbh.de\/statuen-messing\/lakshmi-statue-messing-55cm\/#primaryimage\",\"inLanguage\":\"en-US\",\"url\":\"https:\/\/mandalagmbh.de\/wp-content\/uploads\/2019\/11\/1205_Product.jpg\",\"width\":1500,\"height\":1500,\"caption\":\"Lakshmi Statue Messing 5,5cm\"},{\"@type\":\"WebPage\",\"@id\":\"https:\/\/mandalagmbh.de\/statuen-messing\/lakshmi-statue-messing-55cm\/#webpage\",\"url\":\"https:\/\/mandalagmbh.de\/statuen-messing\/lakshmi-statue-messing-55cm\/\",\"name\":\"Statue Lakshmi Messing 5,5cm\",\"isPartOf\":{\"@id\":\"https:\/\/mandalagmbh.de\/en\/#website\"},\"primaryImageOfPage\":{\"@id\":\"https:\/\/mandalagmbh.de\/statuen-messing\/lakshmi-statue-messing-55cm\/#primaryimage\"},\"datePublished\":\"2018-05-11T13:22:22+00:00\",\"dateModified\":\"2025-06-01T09:37:31+00:00\",\"description\":\"Statue Lakshmi Messing 5,5cm\",\"inLanguage\":\"en-US\",\"potentialAction\":[{\"@type\":\"ReadAction\",\"target\":[\"https:\/\/mandalagmbh.de\/statuen-messing\/lakshmi-statue-messing-55cm\/\"]}]}]}<\/script>\n<!-- \/ Yoast SEO Premium plugin. -->","_links":{"self":[{"href":"https:\/\/mandalagmbh.de\/en\/wp-json\/wp\/v2\/product\/2006"}],"collection":[{"href":"https:\/\/mandalagmbh.de\/en\/wp-json\/wp\/v2\/product"}],"about":[{"href":"https:\/\/mandalagmbh.de\/en\/wp-json\/wp\/v2\/types\/product"}],"replies":[{"embeddable":true,"href":"https:\/\/mandalagmbh.de\/en\/wp-json\/wp\/v2\/comments?post=2006"}],"wp:featuredmedia":[{"embeddable":true,"href":"https:\/\/mandalagmbh.de\/en\/wp-json\/wp\/v2\/media\/2033"}],"wp:attachment":[{"href":"https:\/\/mandalagmbh.de\/en\/wp-json\/wp\/v2\/media?parent=2006"}],"wp:term":[{"taxonomy":"product_cat","embeddable":true,"href":"https:\/\/mandalagmbh.de\/en\/wp-json\/wp\/v2\/product_cat?post=2006"},{"taxonomy":"product_tag","embeddable":true,"href":"https:\/\/mandalagmbh.de\/en\/wp-json\/wp\/v2\/product_tag?post=2006"},{"taxonomy":"yst_prominent_words","embeddable":true,"href":"https:\/\/mandalagmbh.de\/en\/wp-json\/wp\/v2\/yst_prominent_words?post=2006"}],"curies":[{"name":"wp","href":"https:\/\/api.w.org\/{rel}","templated":true}]}}