{"id":3354,"date":"2017-05-14T16:25:15","date_gmt":"2017-05-14T14:25:15","guid":{"rendered":"https:\/\/mandalagmbh.de\/unkategorisiert\/nataraj-shiva-im-rad-statue-21cm\/"},"modified":"2025-06-01T13:05:28","modified_gmt":"2025-06-01T11:05:28","slug":"nataraj-shiva-im-rad-statue-21cm","status":"publish","type":"product","link":"https:\/\/mandalagmbh.de\/en\/statues-brass\/nataraj-shiva-im-rad-statue-21cm\/","title":{"rendered":"Nataraj &#8211; Shiva im Rad Statue 21cm"},"content":{"rendered":"<h3>Shiva im Rad Statue im Bronze Stil<\/h3>\n<p>Der tanzende Shiva im Feuerrad wird auch Nataraj genannt. Er ist der K\u00f6nig der T\u00e4nzer und ein Symbol f\u00fcr die immerw\u00e4hrende Bewegung des Universums. Auf Sanskrit \u201eGl\u00fcckverhei\u00dfender\u201c ist er einer der Hauptg\u00f6tter im Hinduismus. Shiva ist der Zerst\u00f6rer, Symbol f\u00fcr Verg\u00e4nglichkeit, Verhaftungslosigkeit und Aufl\u00f6sung. Er symbolisiert aber auch das Unendliche, das Ewige sowie das h\u00f6chste Bewusstsein.<\/p>\n<p>Diese sch\u00f6ne Statue ist im Bronze Stil und aus Messing gefertigt. Mit einer H\u00f6he von 21 cm eignet sie sich ideal als zentraler Blickfang auf deinem Altar. Du kannst mit dieser Statue auch sehr gut dein Arbeits- oder Meditationszimmer schm\u00fccken und von der spirituellen Energie, die dieser h\u00fcbschen Statue innewohnen soll, profitieren.<\/p>\n","protected":false},"excerpt":{"rendered":"<p><strong>Messing Statue Shiva im Rad<\/strong><\/p>\n<ul>\n<li><em>Symbol f\u00fcr Verg\u00e4nglichkeit, Verhaftungslosigkeit und Aufl\u00f6sung<\/em><\/li>\n<li><em>Steht auch das Unendliche, das Ewige, das h\u00f6chste Bewusstsei<\/em>n<\/li>\n<li>H\u00f6he: ca. 21 cm<\/li>\n<li>Material: Messing \/ im Bronze Stil<\/li>\n<\/ul>\n","protected":false},"featured_media":3405,"comment_status":"open","ping_status":"closed","template":"","meta":[],"product_cat":[949],"product_tag":[565,699,562],"yst_prominent_words":[],"yoast_head":"<!-- This site is optimized with the Yoast SEO Premium plugin v14.0.3 - https:\/\/yoast.com\/wordpress\/plugins\/seo\/ -->\n<title>Nataraj - Shiva im Rad Statue 21cm<\/title>\n<meta name=\"description\" content=\"Nataraj - Shiva im Rad Statue aus Messing, H\u00f6he 21cm, hier im Gro\u00dfhandel online kaufen.\" \/>\n<meta name=\"robots\" content=\"index, follow\" \/>\n<meta name=\"googlebot\" content=\"index, follow, max-snippet:-1, max-image-preview:large, max-video-preview:-1\" \/>\n<meta name=\"bingbot\" content=\"index, follow, max-snippet:-1, max-image-preview:large, max-video-preview:-1\" \/>\n<link rel=\"canonical\" href=\"https:\/\/mandalagmbh.de\/en\/statuen-messing\/nataraj-shiva-im-rad-statue-21cm\/\" \/>\n<meta property=\"og:locale\" content=\"en_US\" \/>\n<meta property=\"og:type\" content=\"article\" \/>\n<meta property=\"og:title\" content=\"Nataraj - Shiva im Rad Statue 21cm\" \/>\n<meta property=\"og:description\" content=\"Nataraj - Shiva im Rad Statue aus Messing, H\u00f6he 21cm, hier im Gro\u00dfhandel online kaufen.\" \/>\n<meta property=\"og:url\" content=\"https:\/\/mandalagmbh.de\/statuen-messing\/nataraj-shiva-im-rad-statue-21cm\/\" \/>\n<meta property=\"og:site_name\" content=\"Mandala Handels GmbH\" \/>\n<meta property=\"article:modified_time\" content=\"2025-06-01T11:05:28+00:00\" \/>\n<meta property=\"og:image\" content=\"https:\/\/mandalagmbh.de\/wp-content\/uploads\/2019\/11\/2183_Product.jpg\" \/>\n\t<meta property=\"og:image:width\" content=\"1500\" \/>\n\t<meta property=\"og:image:height\" content=\"1495\" \/>\n<meta name=\"twitter:card\" content=\"summary_large_image\" \/>\n<script type=\"application\/ld+json\" class=\"yoast-schema-graph\">{\"@context\":\"https:\/\/schema.org\",\"@graph\":[{\"@type\":\"WebSite\",\"@id\":\"https:\/\/mandalagmbh.de\/en\/#website\",\"url\":\"https:\/\/mandalagmbh.de\/en\/\",\"name\":\"Mandala Handels GmbH\",\"description\":\"Spirituelle Ware f\\u00fcr den Alltag\",\"potentialAction\":[{\"@type\":\"SearchAction\",\"target\":\"https:\/\/mandalagmbh.de\/en\/?s={search_term_string}\",\"query-input\":\"required name=search_term_string\"}],\"inLanguage\":\"en-US\"},{\"@type\":\"ImageObject\",\"@id\":\"https:\/\/mandalagmbh.de\/statuen-messing\/nataraj-shiva-im-rad-statue-21cm\/#primaryimage\",\"inLanguage\":\"en-US\",\"url\":\"https:\/\/mandalagmbh.de\/wp-content\/uploads\/2019\/11\/2183_Product.jpg\",\"width\":1500,\"height\":1495,\"caption\":\"Nataraj - Shiva im Rad Statue 21cm\"},{\"@type\":\"WebPage\",\"@id\":\"https:\/\/mandalagmbh.de\/statuen-messing\/nataraj-shiva-im-rad-statue-21cm\/#webpage\",\"url\":\"https:\/\/mandalagmbh.de\/statuen-messing\/nataraj-shiva-im-rad-statue-21cm\/\",\"name\":\"Nataraj - Shiva im Rad Statue 21cm\",\"isPartOf\":{\"@id\":\"https:\/\/mandalagmbh.de\/en\/#website\"},\"primaryImageOfPage\":{\"@id\":\"https:\/\/mandalagmbh.de\/statuen-messing\/nataraj-shiva-im-rad-statue-21cm\/#primaryimage\"},\"datePublished\":\"2017-05-14T14:25:15+00:00\",\"dateModified\":\"2025-06-01T11:05:28+00:00\",\"description\":\"Nataraj - Shiva im Rad Statue aus Messing, H\\u00f6he 21cm, hier im Gro\\u00dfhandel online kaufen.\",\"inLanguage\":\"en-US\",\"potentialAction\":[{\"@type\":\"ReadAction\",\"target\":[\"https:\/\/mandalagmbh.de\/statuen-messing\/nataraj-shiva-im-rad-statue-21cm\/\"]}]}]}<\/script>\n<!-- \/ Yoast SEO Premium plugin. -->","_links":{"self":[{"href":"https:\/\/mandalagmbh.de\/en\/wp-json\/wp\/v2\/product\/3354"}],"collection":[{"href":"https:\/\/mandalagmbh.de\/en\/wp-json\/wp\/v2\/product"}],"about":[{"href":"https:\/\/mandalagmbh.de\/en\/wp-json\/wp\/v2\/types\/product"}],"replies":[{"embeddable":true,"href":"https:\/\/mandalagmbh.de\/en\/wp-json\/wp\/v2\/comments?post=3354"}],"wp:featuredmedia":[{"embeddable":true,"href":"https:\/\/mandalagmbh.de\/en\/wp-json\/wp\/v2\/media\/3405"}],"wp:attachment":[{"href":"https:\/\/mandalagmbh.de\/en\/wp-json\/wp\/v2\/media?parent=3354"}],"wp:term":[{"taxonomy":"product_cat","embeddable":true,"href":"https:\/\/mandalagmbh.de\/en\/wp-json\/wp\/v2\/product_cat?post=3354"},{"taxonomy":"product_tag","embeddable":true,"href":"https:\/\/mandalagmbh.de\/en\/wp-json\/wp\/v2\/product_tag?post=3354"},{"taxonomy":"yst_prominent_words","embeddable":true,"href":"https:\/\/mandalagmbh.de\/en\/wp-json\/wp\/v2\/yst_prominent_words?post=3354"}],"curies":[{"name":"wp","href":"https:\/\/api.w.org\/{rel}","templated":true}]}}