{"id":372,"date":"2017-05-14T16:25:29","date_gmt":"2017-05-14T14:25:29","guid":{"rendered":"https:\/\/mandalagmbh.de\/produkt\/gebetsfahnen-10er-groesse-xl-baumwolle\/"},"modified":"2026-02-24T10:36:01","modified_gmt":"2026-02-24T08:36:01","slug":"gebetsfahnen-10er-groesse-xl-baumwolle","status":"publish","type":"product","link":"https:\/\/mandalagmbh.de\/en\/prayerflags\/gebetsfahnen-10er-groesse-xl-baumwolle\/","title":{"rendered":"Gebetsfahnen 10er Gr\u00f6\u00dfe (XL) Baumwolle"},"content":{"rendered":"<p>Diese Gebetsfahnen sind bedruckt mit Mantren in tibetischer Schrift.<br \/>\n10 bunte Fahnen sind auf einer Schnurr aufgereit, mit einer L\u00e4nge von ca.2,2m je Rolle.<br \/>\nDie Gr\u00f6\u00dfe der einzelnen Fahnen betr\u00e4gt ca. 21cm x 21cm.<\/p>\n","protected":false},"excerpt":{"rendered":"<p>Gebetsfahnen 10er Gr\u00f6\u00dfe (XL)<\/p>\n","protected":false},"featured_media":2138,"comment_status":"open","ping_status":"closed","template":"","meta":[],"product_cat":[942],"product_tag":[],"yst_prominent_words":[],"yoast_head":"<!-- This site is optimized with the Yoast SEO Premium plugin v14.0.3 - https:\/\/yoast.com\/wordpress\/plugins\/seo\/ -->\n<title>Tibetische Gebetsfahnen aus Baumwolle<\/title>\n<meta name=\"description\" content=\"Tibetische Gebetsfahnen aus Baumwolle, 10 bunte Fahnen der Gr\u00f6\u00dfe (XL), hier im Go\u00dfhandel online kaufen.\" \/>\n<meta name=\"robots\" content=\"index, follow\" \/>\n<meta name=\"googlebot\" content=\"index, follow, max-snippet:-1, max-image-preview:large, max-video-preview:-1\" \/>\n<meta name=\"bingbot\" content=\"index, follow, max-snippet:-1, max-image-preview:large, max-video-preview:-1\" \/>\n<link rel=\"canonical\" href=\"https:\/\/mandalagmbh.de\/en\/gebetsfahnen\/gebetsfahnen-10er-groesse-xl-baumwolle\/\" \/>\n<meta property=\"og:locale\" content=\"en_US\" \/>\n<meta property=\"og:type\" content=\"article\" \/>\n<meta property=\"og:title\" content=\"Tibetische Gebetsfahnen aus Baumwolle\" \/>\n<meta property=\"og:description\" content=\"Tibetische Gebetsfahnen aus Baumwolle, 10 bunte Fahnen der Gr\u00f6\u00dfe (XL), hier im Go\u00dfhandel online kaufen.\" \/>\n<meta property=\"og:url\" content=\"https:\/\/mandalagmbh.de\/gebetsfahnen\/gebetsfahnen-10er-groesse-xl-baumwolle\/\" \/>\n<meta property=\"og:site_name\" content=\"Mandala Handels GmbH\" \/>\n<meta property=\"article:modified_time\" content=\"2026-02-24T08:36:01+00:00\" \/>\n<meta property=\"og:image\" content=\"https:\/\/mandalagmbh.de\/wp-content\/uploads\/2019\/11\/1291_Product.jpg\" \/>\n\t<meta property=\"og:image:width\" content=\"1500\" \/>\n\t<meta property=\"og:image:height\" content=\"1500\" \/>\n<meta name=\"twitter:card\" content=\"summary_large_image\" \/>\n<script type=\"application\/ld+json\" class=\"yoast-schema-graph\">{\"@context\":\"https:\/\/schema.org\",\"@graph\":[{\"@type\":\"WebSite\",\"@id\":\"https:\/\/mandalagmbh.de\/en\/#website\",\"url\":\"https:\/\/mandalagmbh.de\/en\/\",\"name\":\"Mandala Handels GmbH\",\"description\":\"Spirituelle Ware f\\u00fcr den Alltag\",\"potentialAction\":[{\"@type\":\"SearchAction\",\"target\":\"https:\/\/mandalagmbh.de\/en\/?s={search_term_string}\",\"query-input\":\"required name=search_term_string\"}],\"inLanguage\":\"en-US\"},{\"@type\":\"ImageObject\",\"@id\":\"https:\/\/mandalagmbh.de\/gebetsfahnen\/gebetsfahnen-10er-groesse-xl-baumwolle\/#primaryimage\",\"inLanguage\":\"en-US\",\"url\":\"https:\/\/mandalagmbh.de\/wp-content\/uploads\/2019\/11\/1291_Product.jpg\",\"width\":1500,\"height\":1500,\"caption\":\"\/tmp\/con-5dc54d4d31762\/1291_Product.jpg\"},{\"@type\":\"WebPage\",\"@id\":\"https:\/\/mandalagmbh.de\/gebetsfahnen\/gebetsfahnen-10er-groesse-xl-baumwolle\/#webpage\",\"url\":\"https:\/\/mandalagmbh.de\/gebetsfahnen\/gebetsfahnen-10er-groesse-xl-baumwolle\/\",\"name\":\"Tibetische Gebetsfahnen aus Baumwolle\",\"isPartOf\":{\"@id\":\"https:\/\/mandalagmbh.de\/en\/#website\"},\"primaryImageOfPage\":{\"@id\":\"https:\/\/mandalagmbh.de\/gebetsfahnen\/gebetsfahnen-10er-groesse-xl-baumwolle\/#primaryimage\"},\"datePublished\":\"2017-05-14T14:25:29+00:00\",\"dateModified\":\"2026-02-24T08:36:01+00:00\",\"description\":\"Tibetische Gebetsfahnen aus Baumwolle, 10 bunte Fahnen der Gr\\u00f6\\u00dfe (XL), hier im Go\\u00dfhandel online kaufen.\",\"inLanguage\":\"en-US\",\"potentialAction\":[{\"@type\":\"ReadAction\",\"target\":[\"https:\/\/mandalagmbh.de\/gebetsfahnen\/gebetsfahnen-10er-groesse-xl-baumwolle\/\"]}]}]}<\/script>\n<!-- \/ Yoast SEO Premium plugin. -->","_links":{"self":[{"href":"https:\/\/mandalagmbh.de\/en\/wp-json\/wp\/v2\/product\/372"}],"collection":[{"href":"https:\/\/mandalagmbh.de\/en\/wp-json\/wp\/v2\/product"}],"about":[{"href":"https:\/\/mandalagmbh.de\/en\/wp-json\/wp\/v2\/types\/product"}],"replies":[{"embeddable":true,"href":"https:\/\/mandalagmbh.de\/en\/wp-json\/wp\/v2\/comments?post=372"}],"wp:featuredmedia":[{"embeddable":true,"href":"https:\/\/mandalagmbh.de\/en\/wp-json\/wp\/v2\/media\/2138"}],"wp:attachment":[{"href":"https:\/\/mandalagmbh.de\/en\/wp-json\/wp\/v2\/media?parent=372"}],"wp:term":[{"taxonomy":"product_cat","embeddable":true,"href":"https:\/\/mandalagmbh.de\/en\/wp-json\/wp\/v2\/product_cat?post=372"},{"taxonomy":"product_tag","embeddable":true,"href":"https:\/\/mandalagmbh.de\/en\/wp-json\/wp\/v2\/product_tag?post=372"},{"taxonomy":"yst_prominent_words","embeddable":true,"href":"https:\/\/mandalagmbh.de\/en\/wp-json\/wp\/v2\/yst_prominent_words?post=372"}],"curies":[{"name":"wp","href":"https:\/\/api.w.org\/{rel}","templated":true}]}}