{"id":5797,"date":"2020-04-02T15:14:49","date_gmt":"2020-04-02T13:14:49","guid":{"rendered":"https:\/\/mandalagmbh.de\/unkategorisiert\/edelstein-armband-shambala\/"},"modified":"2025-10-21T12:37:29","modified_gmt":"2025-10-21T10:37:29","slug":"edelstein-armband-shambala","status":"publish","type":"product","link":"https:\/\/mandalagmbh.de\/en\/bracelet-gemstones\/edelstein-armband-shambala\/","title":{"rendered":"Edelstein Armband Shambala"},"content":{"rendered":"<p><strong>Edelstein Armband Shambala<\/strong><\/p>\n<p>Was zeichnet diese Armb\u00e4nder besonders aus?<\/p>\n<p>Diese Armb\u00e4nder verk\u00f6rpern Eleganz, Leidenschaft und eine tiefe Liebe zur Sch\u00f6nheit. Das Zarte Design macht das Schmuckst\u00fcck zu einem idealen Begleiter f\u00fcr besondere Anl\u00e4sse. Gleichzeitig ist es aber auch schlicht genug, um im Alltag getragen zu werden. Das Armband ist variabel von 16,5cm \u2013 24cm einzustellen.<\/p>\n","protected":false},"excerpt":{"rendered":"<p><strong>Armband Shambala Edelstein<\/strong><\/p>\n<ul>\n<li>Sehr filigranes Armband<\/li>\n<li>Die Umfanggr\u00f6\u00dfe ist variabel von 16,5cm \u2013 24cm einzustellen<\/li>\n<li>Von Hand geflochten<\/li>\n<li>Herkunft aus fairem Handel<\/li>\n<li>Qualit\u00e4t durch gute Materialauswahl und Verarbeitung<\/li>\n<\/ul>\n","protected":false},"featured_media":12171,"comment_status":"closed","ping_status":"closed","template":"","meta":[],"product_cat":[962],"product_tag":[226,1223,227],"yst_prominent_words":[],"yoast_head":"<!-- This site is optimized with the Yoast SEO Premium plugin v14.0.3 - https:\/\/yoast.com\/wordpress\/plugins\/seo\/ -->\n<title>Edelstein Armband Shambala - Mandala Handels GmbH<\/title>\n<meta name=\"description\" content=\"hier im bei der Mandala Handels GmbH im Gro\u00dfhandel online einkaufen.\" \/>\n<meta name=\"robots\" content=\"index, follow\" \/>\n<meta name=\"googlebot\" content=\"index, follow, max-snippet:-1, max-image-preview:large, max-video-preview:-1\" \/>\n<meta name=\"bingbot\" content=\"index, follow, max-snippet:-1, max-image-preview:large, max-video-preview:-1\" \/>\n<link rel=\"canonical\" href=\"https:\/\/mandalagmbh.de\/en\/armband-edelsteine\/edelstein-armband-shambala\/\" \/>\n<meta property=\"og:locale\" content=\"en_US\" \/>\n<meta property=\"og:type\" content=\"article\" \/>\n<meta property=\"og:title\" content=\"Edelstein Armband Shambala - Mandala Handels GmbH\" \/>\n<meta property=\"og:description\" content=\"hier im bei der Mandala Handels GmbH im Gro\u00dfhandel online einkaufen.\" \/>\n<meta property=\"og:url\" content=\"https:\/\/mandalagmbh.de\/armband-edelsteine\/edelstein-armband-shambala\/\" \/>\n<meta property=\"og:site_name\" content=\"Mandala Handels GmbH\" \/>\n<meta property=\"article:modified_time\" content=\"2025-10-21T10:37:29+00:00\" \/>\n<meta property=\"og:image\" content=\"https:\/\/mandalagmbh.de\/wp-content\/uploads\/2020\/04\/Armband-Shambala-Rubin-2.jpg\" \/>\n\t<meta property=\"og:image:width\" content=\"1500\" \/>\n\t<meta property=\"og:image:height\" content=\"1500\" \/>\n<meta name=\"twitter:card\" content=\"summary_large_image\" \/>\n<script type=\"application\/ld+json\" class=\"yoast-schema-graph\">{\"@context\":\"https:\/\/schema.org\",\"@graph\":[{\"@type\":\"WebSite\",\"@id\":\"https:\/\/mandalagmbh.de\/en\/#website\",\"url\":\"https:\/\/mandalagmbh.de\/en\/\",\"name\":\"Mandala Handels GmbH\",\"description\":\"Spirituelle Ware f\\u00fcr den Alltag\",\"potentialAction\":[{\"@type\":\"SearchAction\",\"target\":\"https:\/\/mandalagmbh.de\/en\/?s={search_term_string}\",\"query-input\":\"required name=search_term_string\"}],\"inLanguage\":\"en-US\"},{\"@type\":\"ImageObject\",\"@id\":\"https:\/\/mandalagmbh.de\/armband-edelsteine\/edelstein-armband-shambala\/#primaryimage\",\"inLanguage\":\"en-US\",\"url\":\"https:\/\/mandalagmbh.de\/wp-content\/uploads\/2020\/04\/Armband-Shambala-Rubin-2.jpg\",\"width\":1500,\"height\":1500,\"caption\":\"Armband Shambala Rubin\"},{\"@type\":\"WebPage\",\"@id\":\"https:\/\/mandalagmbh.de\/armband-edelsteine\/edelstein-armband-shambala\/#webpage\",\"url\":\"https:\/\/mandalagmbh.de\/armband-edelsteine\/edelstein-armband-shambala\/\",\"name\":\"Edelstein Armband Shambala - Mandala Handels GmbH\",\"isPartOf\":{\"@id\":\"https:\/\/mandalagmbh.de\/en\/#website\"},\"primaryImageOfPage\":{\"@id\":\"https:\/\/mandalagmbh.de\/armband-edelsteine\/edelstein-armband-shambala\/#primaryimage\"},\"datePublished\":\"2020-04-02T13:14:49+00:00\",\"dateModified\":\"2025-10-21T10:37:29+00:00\",\"description\":\"hier im bei der Mandala Handels GmbH im Gro\\u00dfhandel online einkaufen.\",\"inLanguage\":\"en-US\",\"potentialAction\":[{\"@type\":\"ReadAction\",\"target\":[\"https:\/\/mandalagmbh.de\/armband-edelsteine\/edelstein-armband-shambala\/\"]}]}]}<\/script>\n<!-- \/ Yoast SEO Premium plugin. -->","_links":{"self":[{"href":"https:\/\/mandalagmbh.de\/en\/wp-json\/wp\/v2\/product\/5797"}],"collection":[{"href":"https:\/\/mandalagmbh.de\/en\/wp-json\/wp\/v2\/product"}],"about":[{"href":"https:\/\/mandalagmbh.de\/en\/wp-json\/wp\/v2\/types\/product"}],"replies":[{"embeddable":true,"href":"https:\/\/mandalagmbh.de\/en\/wp-json\/wp\/v2\/comments?post=5797"}],"wp:featuredmedia":[{"embeddable":true,"href":"https:\/\/mandalagmbh.de\/en\/wp-json\/wp\/v2\/media\/12171"}],"wp:attachment":[{"href":"https:\/\/mandalagmbh.de\/en\/wp-json\/wp\/v2\/media?parent=5797"}],"wp:term":[{"taxonomy":"product_cat","embeddable":true,"href":"https:\/\/mandalagmbh.de\/en\/wp-json\/wp\/v2\/product_cat?post=5797"},{"taxonomy":"product_tag","embeddable":true,"href":"https:\/\/mandalagmbh.de\/en\/wp-json\/wp\/v2\/product_tag?post=5797"},{"taxonomy":"yst_prominent_words","embeddable":true,"href":"https:\/\/mandalagmbh.de\/en\/wp-json\/wp\/v2\/yst_prominent_words?post=5797"}],"curies":[{"name":"wp","href":"https:\/\/api.w.org\/{rel}","templated":true}]}}