{"id":615,"date":"2017-05-14T16:25:17","date_gmt":"2017-05-14T14:25:17","guid":{"rendered":"https:\/\/mandalagmbh.de\/produkt\/mala-rosenholz-mit-tuerkis\/"},"modified":"2026-02-10T11:36:35","modified_gmt":"2026-02-10T09:36:35","slug":"rosenholz-mala-mit-tuerkis-b-qualitaet","status":"publish","type":"product","link":"https:\/\/mandalagmbh.de\/en\/malas-en\/rosenholz-mala-mit-tuerkis-b-qualitaet\/","title":{"rendered":"Rosenholz Mala mit T\u00fcrkis (B-Qualit\u00e4t)"},"content":{"rendered":"<p> Gebetskette Mala Rosenholz mit T\u00fcrkis aus 108 Perlen<\/p>\n<p>    Material: Rosenholz<br \/>\n    L\u00e4nge: 36cm<br \/>\n    Durmesser Perlen: 0,6cm<br \/>\n    Ma\u00dfe B\/H\/T:<br \/>\n    Gewicht: ca.0,028Kg<br \/>\n    VE \/ 1 St\u00fcck<br \/>\n    Hergestellt in Nepal<\/p>\n<p> Bommelfarbe kann abweichen!<\/p>\n","protected":false},"excerpt":{"rendered":"<p>Gebetskette Mala Rosenholz mit T\u00fcrkis<\/p>\n","protected":false},"featured_media":2768,"comment_status":"open","ping_status":"closed","template":"","meta":[],"product_cat":[952],"product_tag":[421,422,420,334],"yst_prominent_words":[],"yoast_head":"<!-- This site is optimized with the Yoast SEO Premium plugin v14.0.3 - https:\/\/yoast.com\/wordpress\/plugins\/seo\/ -->\n<title>Gebetskette Mala Rosenholz T\u00fcrkis mit 108 Perlen<\/title>\n<meta name=\"description\" content=\"Gebetskette Mala Rosenholz mit T\u00fcrkis mit 108 Perlen\" \/>\n<meta name=\"robots\" content=\"index, follow\" \/>\n<meta name=\"googlebot\" content=\"index, follow, max-snippet:-1, max-image-preview:large, max-video-preview:-1\" \/>\n<meta name=\"bingbot\" content=\"index, follow, max-snippet:-1, max-image-preview:large, max-video-preview:-1\" \/>\n<link rel=\"canonical\" href=\"https:\/\/mandalagmbh.de\/en\/malas\/rosenholz-mala-mit-tuerkis-b-qualitaet\/\" \/>\n<meta property=\"og:locale\" content=\"en_US\" \/>\n<meta property=\"og:type\" content=\"article\" \/>\n<meta property=\"og:title\" content=\"Gebetskette Mala Rosenholz T\u00fcrkis mit 108 Perlen\" \/>\n<meta property=\"og:description\" content=\"Gebetskette Mala Rosenholz mit T\u00fcrkis mit 108 Perlen\" \/>\n<meta property=\"og:url\" content=\"https:\/\/mandalagmbh.de\/malas\/rosenholz-mala-mit-tuerkis-b-qualitaet\/\" \/>\n<meta property=\"og:site_name\" content=\"Mandala Handels GmbH\" \/>\n<meta property=\"article:modified_time\" content=\"2026-02-10T09:36:35+00:00\" \/>\n<meta property=\"og:image\" content=\"https:\/\/mandalagmbh.de\/wp-content\/uploads\/2019\/11\/1780_Product.jpg\" \/>\n\t<meta property=\"og:image:width\" content=\"1500\" \/>\n\t<meta property=\"og:image:height\" content=\"1500\" \/>\n<meta name=\"twitter:card\" content=\"summary_large_image\" \/>\n<script type=\"application\/ld+json\" class=\"yoast-schema-graph\">{\"@context\":\"https:\/\/schema.org\",\"@graph\":[{\"@type\":\"WebSite\",\"@id\":\"https:\/\/mandalagmbh.de\/en\/#website\",\"url\":\"https:\/\/mandalagmbh.de\/en\/\",\"name\":\"Mandala Handels GmbH\",\"description\":\"Spirituelle Ware f\\u00fcr den Alltag\",\"potentialAction\":[{\"@type\":\"SearchAction\",\"target\":\"https:\/\/mandalagmbh.de\/en\/?s={search_term_string}\",\"query-input\":\"required name=search_term_string\"}],\"inLanguage\":\"en-US\"},{\"@type\":\"ImageObject\",\"@id\":\"https:\/\/mandalagmbh.de\/malas\/rosenholz-mala-mit-tuerkis-b-qualitaet\/#primaryimage\",\"inLanguage\":\"en-US\",\"url\":\"https:\/\/mandalagmbh.de\/wp-content\/uploads\/2019\/11\/1780_Product.jpg\",\"width\":1500,\"height\":1500,\"caption\":\"\/tmp\/con-5dc54c76e38ec\/1780_Product.jpg\"},{\"@type\":\"WebPage\",\"@id\":\"https:\/\/mandalagmbh.de\/malas\/rosenholz-mala-mit-tuerkis-b-qualitaet\/#webpage\",\"url\":\"https:\/\/mandalagmbh.de\/malas\/rosenholz-mala-mit-tuerkis-b-qualitaet\/\",\"name\":\"Gebetskette Mala Rosenholz T\\u00fcrkis mit 108 Perlen\",\"isPartOf\":{\"@id\":\"https:\/\/mandalagmbh.de\/en\/#website\"},\"primaryImageOfPage\":{\"@id\":\"https:\/\/mandalagmbh.de\/malas\/rosenholz-mala-mit-tuerkis-b-qualitaet\/#primaryimage\"},\"datePublished\":\"2017-05-14T14:25:17+00:00\",\"dateModified\":\"2026-02-10T09:36:35+00:00\",\"description\":\"Gebetskette Mala Rosenholz mit T\\u00fcrkis mit 108 Perlen\",\"inLanguage\":\"en-US\",\"potentialAction\":[{\"@type\":\"ReadAction\",\"target\":[\"https:\/\/mandalagmbh.de\/malas\/rosenholz-mala-mit-tuerkis-b-qualitaet\/\"]}]}]}<\/script>\n<!-- \/ Yoast SEO Premium plugin. -->","_links":{"self":[{"href":"https:\/\/mandalagmbh.de\/en\/wp-json\/wp\/v2\/product\/615"}],"collection":[{"href":"https:\/\/mandalagmbh.de\/en\/wp-json\/wp\/v2\/product"}],"about":[{"href":"https:\/\/mandalagmbh.de\/en\/wp-json\/wp\/v2\/types\/product"}],"replies":[{"embeddable":true,"href":"https:\/\/mandalagmbh.de\/en\/wp-json\/wp\/v2\/comments?post=615"}],"wp:featuredmedia":[{"embeddable":true,"href":"https:\/\/mandalagmbh.de\/en\/wp-json\/wp\/v2\/media\/2768"}],"wp:attachment":[{"href":"https:\/\/mandalagmbh.de\/en\/wp-json\/wp\/v2\/media?parent=615"}],"wp:term":[{"taxonomy":"product_cat","embeddable":true,"href":"https:\/\/mandalagmbh.de\/en\/wp-json\/wp\/v2\/product_cat?post=615"},{"taxonomy":"product_tag","embeddable":true,"href":"https:\/\/mandalagmbh.de\/en\/wp-json\/wp\/v2\/product_tag?post=615"},{"taxonomy":"yst_prominent_words","embeddable":true,"href":"https:\/\/mandalagmbh.de\/en\/wp-json\/wp\/v2\/yst_prominent_words?post=615"}],"curies":[{"name":"wp","href":"https:\/\/api.w.org\/{rel}","templated":true}]}}