{"id":851,"date":"2017-05-20T14:26:59","date_gmt":"2017-05-20T12:26:59","guid":{"rendered":"https:\/\/mandalagmbh.de\/produkt\/anhaenger-om-im-kreis-offen\/"},"modified":"2025-06-09T08:37:56","modified_gmt":"2025-06-09T06:37:56","slug":"om-anhaenger-im-kreis-offen","status":"publish","type":"product","link":"https:\/\/mandalagmbh.de\/en\/silver-pendant\/om-anhaenger-im-kreis-offen\/","title":{"rendered":"OM Anh\u00e4nger 925er Silber"},"content":{"rendered":"<p><strong>OM Silberanh\u00e4nger<\/strong><\/p>\n<p>Om ist das Symbol f\u00fcr die Einheit allen Seins, f\u00fcr alles was gewesen ist und sein wird. Es steht f\u00fcr den Urklang der Sch\u00f6pfung und gilt als Symbol der spirituellen Erkenntnis.<\/p>\n<p>Hergestellt aus dem Edelmetall Silber welches seit Jahrhunderten in der Schmuckherstellung verwendet wird, verleiht es dem Anh\u00e4nger eine zeitlose Eleganz und Robustheit.<\/p>\n<p><em>Material: 925er Sterling Silber<\/em><\/p>\n","protected":false},"excerpt":{"rendered":"<p><strong>OM Silberanh\u00e4nger<\/strong><\/p>\n<ul>\n<li>Symbol der spirituellen Erkenntnis und Einheit allen Seins<\/li>\n<li>Om soll der Urklang der Sch\u00f6pfung sein<\/li>\n<li class=\"properties-list-elem\"><span class=\"properties-label\">Edelmetall <\/span>925\/- Silber<\/li>\n<\/ul>\n<p><em>Material: 925er Sterling Silber<\/em><\/p>\n","protected":false},"featured_media":12288,"comment_status":"open","ping_status":"closed","template":"","meta":[],"product_cat":[960],"product_tag":[474,414,229],"yst_prominent_words":[704],"yoast_head":"<!-- This site is optimized with the Yoast SEO Premium plugin v14.0.3 - https:\/\/yoast.com\/wordpress\/plugins\/seo\/ -->\n<title>OM Anh\u00e4nger 925er Silber - Mandala Handels GmbH<\/title>\n<meta name=\"robots\" content=\"index, follow\" \/>\n<meta name=\"googlebot\" content=\"index, follow, max-snippet:-1, max-image-preview:large, max-video-preview:-1\" \/>\n<meta name=\"bingbot\" content=\"index, follow, max-snippet:-1, max-image-preview:large, max-video-preview:-1\" \/>\n<link rel=\"canonical\" href=\"https:\/\/mandalagmbh.de\/en\/silberanhaenger\/om-anhaenger-im-kreis-offen\/\" \/>\n<meta property=\"og:locale\" content=\"en_US\" \/>\n<meta property=\"og:type\" content=\"article\" \/>\n<meta property=\"og:title\" content=\"OM Anh\u00e4nger 925er Silber - Mandala Handels GmbH\" \/>\n<meta property=\"og:description\" content=\"OM Silberanh\u00e4nger   Symbol der spirituellen Erkenntnis und Einheit allen Seins  Om soll der Urklang der Sch\u00f6pfung sein  Edelmetall 925\/- Silber  Material: 925er Sterling Silber\" \/>\n<meta property=\"og:url\" content=\"https:\/\/mandalagmbh.de\/silberanhaenger\/om-anhaenger-im-kreis-offen\/\" \/>\n<meta property=\"og:site_name\" content=\"Mandala Handels GmbH\" \/>\n<meta property=\"article:modified_time\" content=\"2025-06-09T06:37:56+00:00\" \/>\n<meta property=\"og:image\" content=\"https:\/\/mandalagmbh.de\/wp-content\/uploads\/2017\/05\/S-833_silberanhaenger_OM.jpg\" \/>\n\t<meta property=\"og:image:width\" content=\"1499\" \/>\n\t<meta property=\"og:image:height\" content=\"1500\" \/>\n<meta name=\"twitter:card\" content=\"summary_large_image\" \/>\n<script type=\"application\/ld+json\" class=\"yoast-schema-graph\">{\"@context\":\"https:\/\/schema.org\",\"@graph\":[{\"@type\":\"WebSite\",\"@id\":\"https:\/\/mandalagmbh.de\/en\/#website\",\"url\":\"https:\/\/mandalagmbh.de\/en\/\",\"name\":\"Mandala Handels GmbH\",\"description\":\"Spirituelle Ware f\\u00fcr den Alltag\",\"potentialAction\":[{\"@type\":\"SearchAction\",\"target\":\"https:\/\/mandalagmbh.de\/en\/?s={search_term_string}\",\"query-input\":\"required name=search_term_string\"}],\"inLanguage\":\"en-US\"},{\"@type\":\"ImageObject\",\"@id\":\"https:\/\/mandalagmbh.de\/silberanhaenger\/om-anhaenger-im-kreis-offen\/#primaryimage\",\"inLanguage\":\"en-US\",\"url\":\"https:\/\/mandalagmbh.de\/wp-content\/uploads\/2017\/05\/S-833_silberanhaenger_OM.jpg\",\"width\":1499,\"height\":1500,\"caption\":\"OM Silberanh\\u00e4nger\"},{\"@type\":\"WebPage\",\"@id\":\"https:\/\/mandalagmbh.de\/silberanhaenger\/om-anhaenger-im-kreis-offen\/#webpage\",\"url\":\"https:\/\/mandalagmbh.de\/silberanhaenger\/om-anhaenger-im-kreis-offen\/\",\"name\":\"OM Anh\\u00e4nger 925er Silber - Mandala Handels GmbH\",\"isPartOf\":{\"@id\":\"https:\/\/mandalagmbh.de\/en\/#website\"},\"primaryImageOfPage\":{\"@id\":\"https:\/\/mandalagmbh.de\/silberanhaenger\/om-anhaenger-im-kreis-offen\/#primaryimage\"},\"datePublished\":\"2017-05-20T12:26:59+00:00\",\"dateModified\":\"2025-06-09T06:37:56+00:00\",\"inLanguage\":\"en-US\",\"potentialAction\":[{\"@type\":\"ReadAction\",\"target\":[\"https:\/\/mandalagmbh.de\/silberanhaenger\/om-anhaenger-im-kreis-offen\/\"]}]}]}<\/script>\n<!-- \/ Yoast SEO Premium plugin. -->","_links":{"self":[{"href":"https:\/\/mandalagmbh.de\/en\/wp-json\/wp\/v2\/product\/851"}],"collection":[{"href":"https:\/\/mandalagmbh.de\/en\/wp-json\/wp\/v2\/product"}],"about":[{"href":"https:\/\/mandalagmbh.de\/en\/wp-json\/wp\/v2\/types\/product"}],"replies":[{"embeddable":true,"href":"https:\/\/mandalagmbh.de\/en\/wp-json\/wp\/v2\/comments?post=851"}],"wp:featuredmedia":[{"embeddable":true,"href":"https:\/\/mandalagmbh.de\/en\/wp-json\/wp\/v2\/media\/12288"}],"wp:attachment":[{"href":"https:\/\/mandalagmbh.de\/en\/wp-json\/wp\/v2\/media?parent=851"}],"wp:term":[{"taxonomy":"product_cat","embeddable":true,"href":"https:\/\/mandalagmbh.de\/en\/wp-json\/wp\/v2\/product_cat?post=851"},{"taxonomy":"product_tag","embeddable":true,"href":"https:\/\/mandalagmbh.de\/en\/wp-json\/wp\/v2\/product_tag?post=851"},{"taxonomy":"yst_prominent_words","embeddable":true,"href":"https:\/\/mandalagmbh.de\/en\/wp-json\/wp\/v2\/yst_prominent_words?post=851"}],"curies":[{"name":"wp","href":"https:\/\/api.w.org\/{rel}","templated":true}]}}