{"id":867,"date":"2017-06-01T09:03:58","date_gmt":"2017-06-01T07:03:58","guid":{"rendered":"https:\/\/mandalagmbh.de\/produkt\/anhaenger-ganesha-grossohr-silber\/"},"modified":"2025-06-09T08:44:58","modified_gmt":"2025-06-09T06:44:58","slug":"ganesha-grossohr-anhaenger-silber","status":"publish","type":"product","link":"https:\/\/mandalagmbh.de\/en\/silver-pendant\/ganesha-grossohr-anhaenger-silber\/","title":{"rendered":"Ganesha Anh\u00e4nger 925er Silber"},"content":{"rendered":"<div id=\"tab-description\" class=\"woocommerce-Tabs-panel woocommerce-Tabs-panel--description panel entry-content active\" role=\"tabpanel\" aria-labelledby=\"tab-title-description\">\n<p><strong>Ganesha Silberanh\u00e4nger:<\/strong><\/p>\n<p>Ganesha ist der Wohlt\u00e4ter und Beseitiger aller Hindernisse. Er unterst\u00fctzt jeden Neuanfang, verk\u00f6rpert Weisheit und Intelligenz.<br \/>\nEr bringt Gl\u00fcck und Gelingen.<\/p>\n<p><em>Material: 925er Sterling Silber<\/em><\/p>\n<\/div>\n","protected":false},"excerpt":{"rendered":"<p><strong>Ganesha Silberanh\u00e4nger:<\/strong><\/p>\n<ul>\n<li>Wohlt\u00e4ter und Beseitiger aller Hindernisse<\/li>\n<li>Unterst\u00fctzt jeden Neuanfang<\/li>\n<li>Verk\u00f6rpert Weisheit und Intelligenz<\/li>\n<li>Bringt Gl\u00fcck und Gelingen<\/li>\n<\/ul>\n<p><em>Material: 925er Sterling Silber<\/em><\/p>\n","protected":false},"featured_media":12291,"comment_status":"open","ping_status":"closed","template":"","meta":[],"product_cat":[960],"product_tag":[225,854],"yst_prominent_words":[],"yoast_head":"<!-- This site is optimized with the Yoast SEO Premium plugin v14.0.3 - https:\/\/yoast.com\/wordpress\/plugins\/seo\/ -->\n<title>Ganesha Anh\u00e4nger 925er Silber - Mandala Handels GmbH<\/title>\n<meta name=\"robots\" content=\"index, follow\" \/>\n<meta name=\"googlebot\" content=\"index, follow, max-snippet:-1, max-image-preview:large, max-video-preview:-1\" \/>\n<meta name=\"bingbot\" content=\"index, follow, max-snippet:-1, max-image-preview:large, max-video-preview:-1\" \/>\n<link rel=\"canonical\" href=\"https:\/\/mandalagmbh.de\/en\/silberanhaenger\/ganesha-grossohr-anhaenger-silber\/\" \/>\n<meta property=\"og:locale\" content=\"en_US\" \/>\n<meta property=\"og:type\" content=\"article\" \/>\n<meta property=\"og:title\" content=\"Ganesha Anh\u00e4nger 925er Silber - Mandala Handels GmbH\" \/>\n<meta property=\"og:description\" content=\"Ganesha Silberanh\u00e4nger:   Wohlt\u00e4ter und Beseitiger aller Hindernisse  Unterst\u00fctzt jeden Neuanfang  Verk\u00f6rpert Weisheit und Intelligenz  Bringt Gl\u00fcck und Gelingen  Material: 925er Sterling Silber\" \/>\n<meta property=\"og:url\" content=\"https:\/\/mandalagmbh.de\/silberanhaenger\/ganesha-grossohr-anhaenger-silber\/\" \/>\n<meta property=\"og:site_name\" content=\"Mandala Handels GmbH\" \/>\n<meta property=\"article:modified_time\" content=\"2025-06-09T06:44:58+00:00\" \/>\n<meta property=\"og:image\" content=\"https:\/\/mandalagmbh.de\/wp-content\/uploads\/2017\/06\/S-432_silberanhaenger_Ganesha.jpg\" \/>\n\t<meta property=\"og:image:width\" content=\"1482\" \/>\n\t<meta property=\"og:image:height\" content=\"1500\" \/>\n<meta name=\"twitter:card\" content=\"summary_large_image\" \/>\n<script type=\"application\/ld+json\" class=\"yoast-schema-graph\">{\"@context\":\"https:\/\/schema.org\",\"@graph\":[{\"@type\":\"WebSite\",\"@id\":\"https:\/\/mandalagmbh.de\/en\/#website\",\"url\":\"https:\/\/mandalagmbh.de\/en\/\",\"name\":\"Mandala Handels GmbH\",\"description\":\"Spirituelle Ware f\\u00fcr den Alltag\",\"potentialAction\":[{\"@type\":\"SearchAction\",\"target\":\"https:\/\/mandalagmbh.de\/en\/?s={search_term_string}\",\"query-input\":\"required name=search_term_string\"}],\"inLanguage\":\"en-US\"},{\"@type\":\"ImageObject\",\"@id\":\"https:\/\/mandalagmbh.de\/silberanhaenger\/ganesha-grossohr-anhaenger-silber\/#primaryimage\",\"inLanguage\":\"en-US\",\"url\":\"https:\/\/mandalagmbh.de\/wp-content\/uploads\/2017\/06\/S-432_silberanhaenger_Ganesha.jpg\",\"width\":1482,\"height\":1500,\"caption\":\"Ganesha Silberanh\\u00e4nger\"},{\"@type\":\"WebPage\",\"@id\":\"https:\/\/mandalagmbh.de\/silberanhaenger\/ganesha-grossohr-anhaenger-silber\/#webpage\",\"url\":\"https:\/\/mandalagmbh.de\/silberanhaenger\/ganesha-grossohr-anhaenger-silber\/\",\"name\":\"Ganesha Anh\\u00e4nger 925er Silber - Mandala Handels GmbH\",\"isPartOf\":{\"@id\":\"https:\/\/mandalagmbh.de\/en\/#website\"},\"primaryImageOfPage\":{\"@id\":\"https:\/\/mandalagmbh.de\/silberanhaenger\/ganesha-grossohr-anhaenger-silber\/#primaryimage\"},\"datePublished\":\"2017-06-01T07:03:58+00:00\",\"dateModified\":\"2025-06-09T06:44:58+00:00\",\"inLanguage\":\"en-US\",\"potentialAction\":[{\"@type\":\"ReadAction\",\"target\":[\"https:\/\/mandalagmbh.de\/silberanhaenger\/ganesha-grossohr-anhaenger-silber\/\"]}]}]}<\/script>\n<!-- \/ Yoast SEO Premium plugin. -->","_links":{"self":[{"href":"https:\/\/mandalagmbh.de\/en\/wp-json\/wp\/v2\/product\/867"}],"collection":[{"href":"https:\/\/mandalagmbh.de\/en\/wp-json\/wp\/v2\/product"}],"about":[{"href":"https:\/\/mandalagmbh.de\/en\/wp-json\/wp\/v2\/types\/product"}],"replies":[{"embeddable":true,"href":"https:\/\/mandalagmbh.de\/en\/wp-json\/wp\/v2\/comments?post=867"}],"wp:featuredmedia":[{"embeddable":true,"href":"https:\/\/mandalagmbh.de\/en\/wp-json\/wp\/v2\/media\/12291"}],"wp:attachment":[{"href":"https:\/\/mandalagmbh.de\/en\/wp-json\/wp\/v2\/media?parent=867"}],"wp:term":[{"taxonomy":"product_cat","embeddable":true,"href":"https:\/\/mandalagmbh.de\/en\/wp-json\/wp\/v2\/product_cat?post=867"},{"taxonomy":"product_tag","embeddable":true,"href":"https:\/\/mandalagmbh.de\/en\/wp-json\/wp\/v2\/product_tag?post=867"},{"taxonomy":"yst_prominent_words","embeddable":true,"href":"https:\/\/mandalagmbh.de\/en\/wp-json\/wp\/v2\/yst_prominent_words?post=867"}],"curies":[{"name":"wp","href":"https:\/\/api.w.org\/{rel}","templated":true}]}}