{"id":875,"date":"2018-05-11T10:36:20","date_gmt":"2018-05-11T08:36:20","guid":{"rendered":"https:\/\/mandalagmbh.de\/produkt\/anhaenger-phurba-925er-silber-laenge-6cm\/"},"modified":"2025-06-09T07:50:09","modified_gmt":"2025-06-09T05:50:09","slug":"phurba-anhaenger-925er-silber-laenge-6cm","status":"publish","type":"product","link":"https:\/\/mandalagmbh.de\/en\/silver-pendant\/phurba-anhaenger-925er-silber-laenge-6cm\/","title":{"rendered":"Phurba Anh\u00e4nger 925er Silber L\u00e4nge 6cm"},"content":{"rendered":"","protected":false},"excerpt":{"rendered":"<p>Anh\u00e4nger Phurba 925er Silber<\/p>\n","protected":false},"featured_media":0,"comment_status":"open","ping_status":"closed","template":"","meta":[],"product_cat":[960],"product_tag":[],"yst_prominent_words":[],"yoast_head":"<!-- This site is optimized with the Yoast SEO Premium plugin v14.0.3 - https:\/\/yoast.com\/wordpress\/plugins\/seo\/ -->\n<title>Phurba Anh\u00e4nger 925er Silber L\u00e4nge 6cm - Mandala Handels GmbH<\/title>\n<meta name=\"robots\" content=\"index, follow\" \/>\n<meta name=\"googlebot\" content=\"index, follow, max-snippet:-1, max-image-preview:large, max-video-preview:-1\" \/>\n<meta name=\"bingbot\" content=\"index, follow, max-snippet:-1, max-image-preview:large, max-video-preview:-1\" \/>\n<link rel=\"canonical\" href=\"https:\/\/mandalagmbh.de\/en\/silberanhaenger\/phurba-anhaenger-925er-silber-laenge-6cm\/\" \/>\n<meta property=\"og:locale\" content=\"en_US\" \/>\n<meta property=\"og:type\" content=\"article\" \/>\n<meta property=\"og:title\" content=\"Phurba Anh\u00e4nger 925er Silber L\u00e4nge 6cm - Mandala Handels GmbH\" \/>\n<meta property=\"og:description\" content=\"Anh\u00e4nger Phurba 925er Silber\" \/>\n<meta property=\"og:url\" content=\"https:\/\/mandalagmbh.de\/silberanhaenger\/phurba-anhaenger-925er-silber-laenge-6cm\/\" \/>\n<meta property=\"og:site_name\" content=\"Mandala Handels GmbH\" \/>\n<meta property=\"article:modified_time\" content=\"2025-06-09T05:50:09+00:00\" \/>\n<meta name=\"twitter:card\" content=\"summary_large_image\" \/>\n<script type=\"application\/ld+json\" class=\"yoast-schema-graph\">{\"@context\":\"https:\/\/schema.org\",\"@graph\":[{\"@type\":\"WebSite\",\"@id\":\"https:\/\/mandalagmbh.de\/en\/#website\",\"url\":\"https:\/\/mandalagmbh.de\/en\/\",\"name\":\"Mandala Handels GmbH\",\"description\":\"Spirituelle Ware f\\u00fcr den Alltag\",\"potentialAction\":[{\"@type\":\"SearchAction\",\"target\":\"https:\/\/mandalagmbh.de\/en\/?s={search_term_string}\",\"query-input\":\"required name=search_term_string\"}],\"inLanguage\":\"en-US\"},{\"@type\":\"WebPage\",\"@id\":\"https:\/\/mandalagmbh.de\/silberanhaenger\/phurba-anhaenger-925er-silber-laenge-6cm\/#webpage\",\"url\":\"https:\/\/mandalagmbh.de\/silberanhaenger\/phurba-anhaenger-925er-silber-laenge-6cm\/\",\"name\":\"Phurba Anh\\u00e4nger 925er Silber L\\u00e4nge 6cm - Mandala Handels GmbH\",\"isPartOf\":{\"@id\":\"https:\/\/mandalagmbh.de\/en\/#website\"},\"datePublished\":\"2018-05-11T08:36:20+00:00\",\"dateModified\":\"2025-06-09T05:50:09+00:00\",\"inLanguage\":\"en-US\",\"potentialAction\":[{\"@type\":\"ReadAction\",\"target\":[\"https:\/\/mandalagmbh.de\/silberanhaenger\/phurba-anhaenger-925er-silber-laenge-6cm\/\"]}]}]}<\/script>\n<!-- \/ Yoast SEO Premium plugin. -->","_links":{"self":[{"href":"https:\/\/mandalagmbh.de\/en\/wp-json\/wp\/v2\/product\/875"}],"collection":[{"href":"https:\/\/mandalagmbh.de\/en\/wp-json\/wp\/v2\/product"}],"about":[{"href":"https:\/\/mandalagmbh.de\/en\/wp-json\/wp\/v2\/types\/product"}],"replies":[{"embeddable":true,"href":"https:\/\/mandalagmbh.de\/en\/wp-json\/wp\/v2\/comments?post=875"}],"wp:attachment":[{"href":"https:\/\/mandalagmbh.de\/en\/wp-json\/wp\/v2\/media?parent=875"}],"wp:term":[{"taxonomy":"product_cat","embeddable":true,"href":"https:\/\/mandalagmbh.de\/en\/wp-json\/wp\/v2\/product_cat?post=875"},{"taxonomy":"product_tag","embeddable":true,"href":"https:\/\/mandalagmbh.de\/en\/wp-json\/wp\/v2\/product_tag?post=875"},{"taxonomy":"yst_prominent_words","embeddable":true,"href":"https:\/\/mandalagmbh.de\/en\/wp-json\/wp\/v2\/yst_prominent_words?post=875"}],"curies":[{"name":"wp","href":"https:\/\/api.w.org\/{rel}","templated":true}]}}