{"id":891,"date":"2017-05-14T16:25:36","date_gmt":"2017-05-14T14:25:36","guid":{"rendered":"https:\/\/mandalagmbh.de\/produkt\/anhaenger-sonne-925er-silber-2\/"},"modified":"2025-06-08T22:49:44","modified_gmt":"2025-06-08T20:49:44","slug":"sonne-anhaenger-925er-silber","status":"publish","type":"product","link":"https:\/\/mandalagmbh.de\/en\/silver-pendant\/sonne-anhaenger-925er-silber\/","title":{"rendered":"Sonne Anh\u00e4nger 925er Silber"},"content":{"rendered":"<p>Dieser Sonnen Anh\u00e4nger symbolisiert Energie, St\u00e4rke und Vitalit\u00e4t.<\/p>\n<p>Hergestellt aus dem Edelmetall Silber welches seit Jahrhunderten in der Schmuckherstellung verwendet wird, verleiht es dem Anh\u00e4nger eine zeitlose Eleganz und Robustheit.<\/p>\n<p>M\u00f6chtest du dieses Schmuckst\u00fcck als Pr\u00e4sent verschenken oder den Anh\u00e4nger gut gebettet wissen, wenn du ihn gerade nicht tr\u00e4gst? Hier findest du den dazu passenden Aufbewahrungs- und Geschenkbeutel in verschiedenen Farben.<\/p>\n<p><em>Hergestellt aus hochwertigem 925\/- Silber<\/em><\/p>\n","protected":false},"excerpt":{"rendered":"<div class=\"product-short-description\">\n<ul>\n<li>Symbolisiert Energie, St\u00e4rke und Vitalit\u00e4t.<\/li>\n<li class=\"properties-list-elem\"><span class=\"properties-label\">Edelmetall <\/span>925\/- Silber<\/li>\n<li class=\"properties-list-elem\"><span class=\"properties-label\">Ma\u00dfe Anh\u00e4nger: <\/span>L\u00e4nge ca. 1,4 cm, Breite ca. 1,4 cm<\/li>\n<li><span class=\"properties-label\">Ma\u00dfe \u00d6se:<\/span>ca. 5 mm x 5 mm<\/li>\n<\/ul>\n<\/div>\n","protected":false},"featured_media":12273,"comment_status":"open","ping_status":"closed","template":"","meta":[],"product_cat":[960],"product_tag":[474,229,475],"yst_prominent_words":[704],"yoast_head":"<!-- This site is optimized with the Yoast SEO Premium plugin v14.0.3 - https:\/\/yoast.com\/wordpress\/plugins\/seo\/ -->\n<title>Anh\u00e4nger Sonne Silber<\/title>\n<meta name=\"description\" content=\"Anh\u00e4nger Sonne Silber hier im Gro\u00dfhandel online kaufen.\" \/>\n<meta name=\"robots\" content=\"index, follow\" \/>\n<meta name=\"googlebot\" content=\"index, follow, max-snippet:-1, max-image-preview:large, max-video-preview:-1\" \/>\n<meta name=\"bingbot\" content=\"index, follow, max-snippet:-1, max-image-preview:large, max-video-preview:-1\" \/>\n<link rel=\"canonical\" href=\"https:\/\/mandalagmbh.de\/en\/silberanhaenger\/sonne-anhaenger-925er-silber\/\" \/>\n<meta property=\"og:locale\" content=\"en_US\" \/>\n<meta property=\"og:type\" content=\"article\" \/>\n<meta property=\"og:title\" content=\"Anh\u00e4nger Sonne Silber\" \/>\n<meta property=\"og:description\" content=\"Anh\u00e4nger Sonne Silber hier im Gro\u00dfhandel online kaufen.\" \/>\n<meta property=\"og:url\" content=\"https:\/\/mandalagmbh.de\/silberanhaenger\/sonne-anhaenger-925er-silber\/\" \/>\n<meta property=\"og:site_name\" content=\"Mandala Handels GmbH\" \/>\n<meta property=\"article:modified_time\" content=\"2025-06-08T20:49:44+00:00\" \/>\n<meta property=\"og:image\" content=\"https:\/\/mandalagmbh.de\/wp-content\/uploads\/2017\/05\/S-854-_Silberanhaenger_Sonne.jpg\" \/>\n\t<meta property=\"og:image:width\" content=\"1467\" \/>\n\t<meta property=\"og:image:height\" content=\"1500\" \/>\n<meta name=\"twitter:card\" content=\"summary_large_image\" \/>\n<script type=\"application\/ld+json\" class=\"yoast-schema-graph\">{\"@context\":\"https:\/\/schema.org\",\"@graph\":[{\"@type\":\"WebSite\",\"@id\":\"https:\/\/mandalagmbh.de\/en\/#website\",\"url\":\"https:\/\/mandalagmbh.de\/en\/\",\"name\":\"Mandala Handels GmbH\",\"description\":\"Spirituelle Ware f\\u00fcr den Alltag\",\"potentialAction\":[{\"@type\":\"SearchAction\",\"target\":\"https:\/\/mandalagmbh.de\/en\/?s={search_term_string}\",\"query-input\":\"required name=search_term_string\"}],\"inLanguage\":\"en-US\"},{\"@type\":\"ImageObject\",\"@id\":\"https:\/\/mandalagmbh.de\/silberanhaenger\/sonne-anhaenger-925er-silber\/#primaryimage\",\"inLanguage\":\"en-US\",\"url\":\"https:\/\/mandalagmbh.de\/wp-content\/uploads\/2017\/05\/S-854-_Silberanhaenger_Sonne.jpg\",\"width\":1467,\"height\":1500,\"caption\":\"Silberanh\\u00e4nger Sonne\"},{\"@type\":\"WebPage\",\"@id\":\"https:\/\/mandalagmbh.de\/silberanhaenger\/sonne-anhaenger-925er-silber\/#webpage\",\"url\":\"https:\/\/mandalagmbh.de\/silberanhaenger\/sonne-anhaenger-925er-silber\/\",\"name\":\"Anh\\u00e4nger Sonne Silber\",\"isPartOf\":{\"@id\":\"https:\/\/mandalagmbh.de\/en\/#website\"},\"primaryImageOfPage\":{\"@id\":\"https:\/\/mandalagmbh.de\/silberanhaenger\/sonne-anhaenger-925er-silber\/#primaryimage\"},\"datePublished\":\"2017-05-14T14:25:36+00:00\",\"dateModified\":\"2025-06-08T20:49:44+00:00\",\"description\":\"Anh\\u00e4nger Sonne Silber hier im Gro\\u00dfhandel online kaufen.\",\"inLanguage\":\"en-US\",\"potentialAction\":[{\"@type\":\"ReadAction\",\"target\":[\"https:\/\/mandalagmbh.de\/silberanhaenger\/sonne-anhaenger-925er-silber\/\"]}]}]}<\/script>\n<!-- \/ Yoast SEO Premium plugin. -->","_links":{"self":[{"href":"https:\/\/mandalagmbh.de\/en\/wp-json\/wp\/v2\/product\/891"}],"collection":[{"href":"https:\/\/mandalagmbh.de\/en\/wp-json\/wp\/v2\/product"}],"about":[{"href":"https:\/\/mandalagmbh.de\/en\/wp-json\/wp\/v2\/types\/product"}],"replies":[{"embeddable":true,"href":"https:\/\/mandalagmbh.de\/en\/wp-json\/wp\/v2\/comments?post=891"}],"wp:featuredmedia":[{"embeddable":true,"href":"https:\/\/mandalagmbh.de\/en\/wp-json\/wp\/v2\/media\/12273"}],"wp:attachment":[{"href":"https:\/\/mandalagmbh.de\/en\/wp-json\/wp\/v2\/media?parent=891"}],"wp:term":[{"taxonomy":"product_cat","embeddable":true,"href":"https:\/\/mandalagmbh.de\/en\/wp-json\/wp\/v2\/product_cat?post=891"},{"taxonomy":"product_tag","embeddable":true,"href":"https:\/\/mandalagmbh.de\/en\/wp-json\/wp\/v2\/product_tag?post=891"},{"taxonomy":"yst_prominent_words","embeddable":true,"href":"https:\/\/mandalagmbh.de\/en\/wp-json\/wp\/v2\/yst_prominent_words?post=891"}],"curies":[{"name":"wp","href":"https:\/\/api.w.org\/{rel}","templated":true}]}}