{"id":9256,"date":"2021-10-29T18:24:29","date_gmt":"2021-10-29T16:24:29","guid":{"rendered":"https:\/\/mandalagmbh.de\/unkategorisiert\/wasserschale-messing\/"},"modified":"2025-08-28T16:59:02","modified_gmt":"2025-08-28T14:59:02","slug":"wasserschale-messing","status":"publish","type":"product","link":"https:\/\/mandalagmbh.de\/en\/ritual-objects\/wasserschale-messing\/","title":{"rendered":"Wasserschale Messing"},"content":{"rendered":"<p><strong>Wasserschale Messing<\/strong><\/p>\n<p data-start=\"131\" data-end=\"576\">Stellen Sie sich vor, Sie erwachen in einem friedlichen Kloster im Himalaya, die klare Bergluft erf\u00fcllt Ihre Sinne. Vor Ihnen liegt eine wundersch\u00f6ne Wasserschale aus Messing \u2013 ein traditionelles Ritualgef\u00e4\u00df, das in tibetischer Kultur hoch gesch\u00e4tzt wird. Diese Schale ist perfekt geeignet, um Wasseropfergaben auf Ihrem Altar darzubringen, bei Zeremonien verwendet zu werden oder Ihrem Meditationsraum eine beruhigende Atmosph\u00e4re zu verleihen.<\/p>\n<p data-start=\"578\" data-end=\"989\">Die handgefertigte Messingschale besticht durch ihre warme, goldene Oberfl\u00e4che und ihr robustes, langlebiges Material. Mit einem Durchmesser von etwa 10 cm und einer H\u00f6he von ca. 5 cm ist sie ideal f\u00fcr t\u00e4gliche spirituelle Praktiken oder als dekoratives Element. Holen Sie sich ein St\u00fcck tibetische Tradition und laden Sie Frieden und Harmonie in Ihr Zuhause ein \u2013 mit dieser eleganten Wasserschale aus Messing.<\/p>\n<div class=\"text-component margin-bottom-md\">\n<p>&nbsp;<\/p>\n<\/div>\n","protected":false},"excerpt":{"rendered":"<p><strong>Wasserschale Messing<\/strong><\/p>\n<ul>\n<li>Schalen aus Messing<\/li>\n<li>verschiedene Durchmesser<\/li>\n<li>Traditionell f\u00fcr Opfergaben, Rituale und Zeremonien<\/li>\n<li>Sch\u00f6ne Erg\u00e4nzung f\u00fcr einen tibetischen Altar<\/li>\n<\/ul>\n","protected":false},"featured_media":12352,"comment_status":"closed","ping_status":"closed","template":"","meta":[],"product_cat":[944],"product_tag":[565,680],"yst_prominent_words":[],"yoast_head":"<!-- This site is optimized with the Yoast SEO Premium plugin v14.0.3 - https:\/\/yoast.com\/wordpress\/plugins\/seo\/ -->\n<title>Wasserschale Messing - Mandala Handels GmbH<\/title>\n<meta name=\"description\" content=\"Handgefertigte Wasserschale aus Messing \u2013 ideal f\u00fcr tibetische Wasseropfer, Rituale und Meditationsalt\u00e4re. Holen Sie sich Harmonie und Tradition ins Haus!\" \/>\n<meta name=\"robots\" content=\"index, follow\" \/>\n<meta name=\"googlebot\" content=\"index, follow, max-snippet:-1, max-image-preview:large, max-video-preview:-1\" \/>\n<meta name=\"bingbot\" content=\"index, follow, max-snippet:-1, max-image-preview:large, max-video-preview:-1\" \/>\n<link rel=\"canonical\" href=\"https:\/\/mandalagmbh.de\/en\/ritualgegenstaende\/wasserschale-messing\/\" \/>\n<meta property=\"og:locale\" content=\"en_US\" \/>\n<meta property=\"og:type\" content=\"article\" \/>\n<meta property=\"og:title\" content=\"Wasserschale Messing - Mandala Handels GmbH\" \/>\n<meta property=\"og:description\" content=\"Handgefertigte Wasserschale aus Messing \u2013 ideal f\u00fcr tibetische Wasseropfer, Rituale und Meditationsalt\u00e4re. Holen Sie sich Harmonie und Tradition ins Haus!\" \/>\n<meta property=\"og:url\" content=\"https:\/\/mandalagmbh.de\/ritualgegenstaende\/wasserschale-messing\/\" \/>\n<meta property=\"og:site_name\" content=\"Mandala Handels GmbH\" \/>\n<meta property=\"article:modified_time\" content=\"2025-08-28T14:59:02+00:00\" \/>\n<meta property=\"og:image\" content=\"https:\/\/mandalagmbh.de\/wp-content\/uploads\/2021\/10\/Wasserschale_Messing.jpg\" \/>\n\t<meta property=\"og:image:width\" content=\"1500\" \/>\n\t<meta property=\"og:image:height\" content=\"1500\" \/>\n<meta name=\"twitter:card\" content=\"summary_large_image\" \/>\n<script type=\"application\/ld+json\" class=\"yoast-schema-graph\">{\"@context\":\"https:\/\/schema.org\",\"@graph\":[{\"@type\":\"WebSite\",\"@id\":\"https:\/\/mandalagmbh.de\/en\/#website\",\"url\":\"https:\/\/mandalagmbh.de\/en\/\",\"name\":\"Mandala Handels GmbH\",\"description\":\"Spirituelle Ware f\\u00fcr den Alltag\",\"potentialAction\":[{\"@type\":\"SearchAction\",\"target\":\"https:\/\/mandalagmbh.de\/en\/?s={search_term_string}\",\"query-input\":\"required name=search_term_string\"}],\"inLanguage\":\"en-US\"},{\"@type\":\"ImageObject\",\"@id\":\"https:\/\/mandalagmbh.de\/ritualgegenstaende\/wasserschale-messing\/#primaryimage\",\"inLanguage\":\"en-US\",\"url\":\"https:\/\/mandalagmbh.de\/wp-content\/uploads\/2021\/10\/Wasserschale_Messing.jpg\",\"width\":1500,\"height\":1500,\"caption\":\"Wasserschale Messing\"},{\"@type\":\"WebPage\",\"@id\":\"https:\/\/mandalagmbh.de\/ritualgegenstaende\/wasserschale-messing\/#webpage\",\"url\":\"https:\/\/mandalagmbh.de\/ritualgegenstaende\/wasserschale-messing\/\",\"name\":\"Wasserschale Messing - Mandala Handels GmbH\",\"isPartOf\":{\"@id\":\"https:\/\/mandalagmbh.de\/en\/#website\"},\"primaryImageOfPage\":{\"@id\":\"https:\/\/mandalagmbh.de\/ritualgegenstaende\/wasserschale-messing\/#primaryimage\"},\"datePublished\":\"2021-10-29T16:24:29+00:00\",\"dateModified\":\"2025-08-28T14:59:02+00:00\",\"description\":\"Handgefertigte Wasserschale aus Messing \\u2013 ideal f\\u00fcr tibetische Wasseropfer, Rituale und Meditationsalt\\u00e4re. Holen Sie sich Harmonie und Tradition ins Haus!\",\"inLanguage\":\"en-US\",\"potentialAction\":[{\"@type\":\"ReadAction\",\"target\":[\"https:\/\/mandalagmbh.de\/ritualgegenstaende\/wasserschale-messing\/\"]}]}]}<\/script>\n<!-- \/ Yoast SEO Premium plugin. -->","_links":{"self":[{"href":"https:\/\/mandalagmbh.de\/en\/wp-json\/wp\/v2\/product\/9256"}],"collection":[{"href":"https:\/\/mandalagmbh.de\/en\/wp-json\/wp\/v2\/product"}],"about":[{"href":"https:\/\/mandalagmbh.de\/en\/wp-json\/wp\/v2\/types\/product"}],"replies":[{"embeddable":true,"href":"https:\/\/mandalagmbh.de\/en\/wp-json\/wp\/v2\/comments?post=9256"}],"wp:featuredmedia":[{"embeddable":true,"href":"https:\/\/mandalagmbh.de\/en\/wp-json\/wp\/v2\/media\/12352"}],"wp:attachment":[{"href":"https:\/\/mandalagmbh.de\/en\/wp-json\/wp\/v2\/media?parent=9256"}],"wp:term":[{"taxonomy":"product_cat","embeddable":true,"href":"https:\/\/mandalagmbh.de\/en\/wp-json\/wp\/v2\/product_cat?post=9256"},{"taxonomy":"product_tag","embeddable":true,"href":"https:\/\/mandalagmbh.de\/en\/wp-json\/wp\/v2\/product_tag?post=9256"},{"taxonomy":"yst_prominent_words","embeddable":true,"href":"https:\/\/mandalagmbh.de\/en\/wp-json\/wp\/v2\/yst_prominent_words?post=9256"}],"curies":[{"name":"wp","href":"https:\/\/api.w.org\/{rel}","templated":true}]}}